{"id":244338,"date":"2025-10-10T14:24:13","date_gmt":"2025-10-10T12:24:13","guid":{"rendered":"https:\/\/ehkolektiboa.eus\/agroecologia\/"},"modified":"2025-11-17T18:22:37","modified_gmt":"2025-11-17T17:22:37","slug":"agroecologia","status":"publish","type":"page","link":"https:\/\/ehkolektiboa.eus\/es\/agroecologia\/","title":{"rendered":"Agroecolog\u00eda"},"content":{"rendered":"<p>[et_pb_section fb_built=\u00bb1&#8243; admin_label=\u00bbHero Section 7&#8243; _builder_version=\u00bb4.16&#8243; _module_preset=\u00bbdefault\u00bb custom_padding=\u00bb100px||||false|false\u00bb global_colors_info=\u00bb{}\u00bb][et_pb_row _builder_version=\u00bb4.16&#8243; _module_preset=\u00bbdefault\u00bb global_colors_info=\u00bb{}\u00bb][et_pb_column type=\u00bb4_4&#8243; _builder_version=\u00bb4.16&#8243; _module_preset=\u00bbdefault\u00bb global_colors_info=\u00bb{}\u00bb][et_pb_text _builder_version=\u00bb4.27.4&#8243; _module_preset=\u00bbdefault\u00bb text_font=\u00bb|700|||||||\u00bb text_text_color=\u00bb#E40128&#8243; custom_margin=\u00bb||16px||false|false\u00bb global_colors_info=\u00bb{}\u00bb]<\/p>\n<p><span style=\"color: #000000;\">Agroecolog\u00eda<\/span><\/p>\n<p>[\/et_pb_text][et_pb_text module_class=\u00bbgt-heading\u00bb _builder_version=\u00bb4.27.4&#8243; _module_preset=\u00bbdefault\u00bb header_font=\u00bb&#8211;et_global_heading_font||||||||\u00bb global_colors_info=\u00bb{}\u00bb]<\/p>\n<h1>Labrando la agroecolog\u00eda\u2028<br \/>en Euskal Herria<\/h1>\n<p>[\/et_pb_text][et_pb_text _builder_version=\u00bb4.27.4&#8243; _module_preset=\u00bbdefault\u00bb text_font=\u00bb|700|||||||\u00bb header_3_font=\u00bb&#8211;et_global_heading_font||||||||\u00bb custom_margin=\u00bb||16px||false|false\u00bb global_colors_info=\u00bb{}\u00bb]<\/p>\n<h2>La producci\u00f3n alimentaria de las \u00faltimas d\u00e9cadas se ha convertido en una de las industrias m\u00e1s poderosas del mundo; una industria que no atiende al cuidado y al respeto que se le debe al medio ambiente y a la Madre Tierra.<\/h2>\n<p>[\/et_pb_text][et_pb_text _builder_version=\u00bb4.27.4&#8243; _module_preset=\u00bbdefault\u00bb text_line_height=\u00bb1.5em\u00bb global_colors_info=\u00bb{}\u00bb]<\/p>\n<p>Los gobiernos han impulsado un modelo de agricultura altamente contaminante, cuyos resultados no son deseables: tierra agotada, acelera el efecto invernadero, aguas repletas de qu\u00edmicos, granjas familiares casi extinguidas, empeoramiento de la salud p\u00fablica, etc. Ante esta situaci\u00f3n, en las \u00faltimas d\u00e9cadas est\u00e1 emergiendo una salida concreta del interior del cultivo: la agroecolog\u00eda. El concepto combina la innovaci\u00f3n con la sabidur\u00eda de siempre, y sit\u00faa a la ecolog\u00eda en el centro de la agricultura.  <\/p>\n<p>En los a\u00f1os 2007-2008, personas agricultoras de Euskal Herria comenzamos a reflexionar sobre el futuro de la producci\u00f3n ecol\u00f3gica: si la peque\u00f1a agricultura ecol\u00f3gica \u00abde siempre\u00bb ser\u00eda absorbida por la bioindustria (como hizo la revoluci\u00f3n verde con el peque\u00f1o agricultor de nuestro territorio) hasta que en el territorio desapareciera la forma de entender la agricultura.<\/p>\n<p>Desde entonces, los y las bioagricultores de Euskal Herria estamos trabajando en la definici\u00f3n e identificaci\u00f3n del modelo agroecol\u00f3gico. La agroecolog\u00eda no es un destino; es el camino en s\u00ed para reconstruir la relaci\u00f3n equilibrada entre comunidades vivas y tierra f\u00e9rtil. La agroecolog\u00eda no es s\u00f3lo c\u00f3mo producimos, sino c\u00f3mo queremos vivir. Lo importante es, por tanto, la transformaci\u00f3n continua de los caser\u00edos y granjas (y con la sociedad) con el faro de la agroecolog\u00eda como destino.   <\/p>\n<p>[\/et_pb_text][\/et_pb_column][\/et_pb_row][\/et_pb_section][et_pb_section fb_built=\u00bb1&#8243; admin_label=\u00bbContent Section 3&#8243; _builder_version=\u00bb4.27.4&#8243; _module_preset=\u00bbdefault\u00bb background_image=\u00bbhttps:\/\/ehkolektiboa.eus\/wp-content\/uploads\/2025\/10\/ehko_2032.jpg\u00bb parallax=\u00bbon\u00bb parallax_method=\u00bboff\u00bb min_height=\u00bb80vh\u00bb global_colors_info=\u00bb{}\u00bb][et_pb_row _builder_version=\u00bb4.16&#8243; _module_preset=\u00bbdefault\u00bb global_colors_info=\u00bb{}\u00bb][et_pb_column type=\u00bb4_4&#8243; _builder_version=\u00bb4.16&#8243; _module_preset=\u00bbdefault\u00bb global_colors_info=\u00bb{}\u00bb][\/et_pb_column][\/et_pb_row][\/et_pb_section][et_pb_section fb_built=\u00bb1&#8243; admin_label=\u00bbContent Section 16&#8243; _builder_version=\u00bb4.27.4&#8243; _module_preset=\u00bbdefault\u00bb hover_enabled=\u00bb0&#8243; global_colors_info=\u00bb{}\u00bb sticky_enabled=\u00bb0&#8243;][et_pb_row _builder_version=\u00bb4.16&#8243; _module_preset=\u00bbdefault\u00bb global_colors_info=\u00bb{}\u00bb][et_pb_column type=\u00bb4_4&#8243; _builder_version=\u00bb4.16&#8243; _module_preset=\u00bbdefault\u00bb global_colors_info=\u00bb{}\u00bb][et_pb_text _builder_version=\u00bb4.27.4&#8243; _module_preset=\u00bbdefault\u00bb text_font=\u00bb|700|||||||\u00bb text_text_color=\u00bb#E40128&#8243; custom_margin=\u00bb||16px||false|false\u00bb global_colors_info=\u00bb{}\u00bb]<\/p>\n<p><span style=\"color: #000000;\">Agroecolog\u00eda<\/span><\/p>\n<p>[\/et_pb_text][et_pb_text module_class=\u00bbgt-heading\u00bb _builder_version=\u00bb4.27.4&#8243; _module_preset=\u00bbdefault\u00bb header_font=\u00bb&#8211;et_global_heading_font||||||||\u00bb global_colors_info=\u00bb{}\u00bb]<\/p>\n<h1>\u00bfDe qu\u00e9 manera contribuyen los caser\u00edos y las granjas a la agroecolog\u00eda?<\/h1>\n<p>[\/et_pb_text][\/et_pb_column][\/et_pb_row][et_pb_row column_structure=\u00bb1_2,1_2&#8243; _builder_version=\u00bb4.16&#8243; _module_preset=\u00bbdefault\u00bb global_colors_info=\u00bb{}\u00bb][et_pb_column type=\u00bb1_2&#8243; _builder_version=\u00bb4.27.4&#8243; _module_preset=\u00bbdefault\u00bb global_colors_info=\u00bb{}\u00bb][et_pb_image src=\u00bbhttps:\/\/ehkolektiboa.eus\/wp-content\/uploads\/2025\/10\/ehko_2017.jpg\u00bb title_text=\u00bbehko_2017&#8243; show_bottom_space=\u00bboff\u00bb _builder_version=\u00bb4.27.4&#8243; _module_preset=\u00bbdefault\u00bb border_radii=\u00bbon|120px|120px|120px|120px\u00bb border_radii_tablet=\u00bbon|120px|120px|120px|120px\u00bb border_radii_phone=\u00bbon|100px|100px|100px|100px\u00bb border_radii_last_edited=\u00bbon|phone\u00bb global_colors_info=\u00bb{}\u00bb][\/et_pb_image][\/et_pb_column][et_pb_column type=\u00bb1_2&#8243; _builder_version=\u00bb4.27.4&#8243; _module_preset=\u00bbdefault\u00bb global_colors_info=\u00bb{}\u00bb][et_pb_blurb title=\u00bbLas granjas est\u00e1n adaptadas al territorio, ligadas a la tierra y trabajando junto a la naturaleza.\u00bb use_icon=\u00bbon\u00bb font_icon=\u00bb&#x35;||divi||400&#8243; icon_color=\u00bb#00573C\u00bb icon_placement=\u00bbleft\u00bb image_icon_width=\u00bb45px\u00bb admin_label=\u00bbBlurb Style 3&#8243; module_class=\u00bbgt-blurb-3&#8243; _builder_version=\u00bb4.27.4&#8243; _module_preset=\u00bbdefault\u00bb header_level=\u00bbh3&#8243; image_icon_custom_margin=\u00bb||||false|false\u00bb image_icon_custom_padding=\u00bb||||false|false\u00bb custom_margin=\u00bb||0px||false|false\u00bb custom_padding=\u00bb||||false|false\u00bb hover_enabled=\u00bb0&#8243; global_colors_info=\u00bb{}\u00bb sticky_enabled=\u00bb0&#8243;][\/et_pb_blurb][et_pb_blurb title=\u00bbLa actividad laboral tiene un fin m\u00e1s all\u00e1 del lucrativo y es tambi\u00e9n depositaria del patrimonio biocultural.\u00bb use_icon=\u00bbon\u00bb font_icon=\u00bb&#x35;||divi||400&#8243; icon_color=\u00bb#00573C\u00bb icon_placement=\u00bbleft\u00bb image_icon_width=\u00bb45px\u00bb admin_label=\u00bbBlurb Style 3&#8243; module_class=\u00bbgt-blurb-3&#8243; _builder_version=\u00bb4.27.4&#8243; _module_preset=\u00bbdefault\u00bb header_level=\u00bbh3&#8243; image_icon_custom_margin=\u00bb||||false|false\u00bb image_icon_custom_padding=\u00bb||||false|false\u00bb custom_margin=\u00bb||0px||false|false\u00bb custom_padding=\u00bb||||false|false\u00bb global_colors_info=\u00bb{}\u00bb][\/et_pb_blurb][et_pb_blurb title=\u00bbLa actividad laboral tiene un fin m\u00e1s all\u00e1 del lucrativo y es tambi\u00e9n depositaria del patrimonio biocultural.\u00bb use_icon=\u00bbon\u00bb font_icon=\u00bb&#x35;||divi||400&#8243; icon_color=\u00bb#00573C\u00bb icon_placement=\u00bbleft\u00bb image_icon_width=\u00bb45px\u00bb admin_label=\u00bbBlurb Style 3&#8243; module_class=\u00bbgt-blurb-3&#8243; _builder_version=\u00bb4.27.4&#8243; _module_preset=\u00bbdefault\u00bb header_level=\u00bbh3&#8243; image_icon_custom_margin=\u00bb||||false|false\u00bb image_icon_custom_padding=\u00bb||||false|false\u00bb custom_margin=\u00bb||0px||false|false\u00bb custom_padding=\u00bb||||false|false\u00bb global_colors_info=\u00bb{}\u00bb][\/et_pb_blurb][et_pb_image src=\u00bbhttps:\/\/ehkolektiboa.eus\/wp-content\/uploads\/2025\/10\/ehko_2031.jpg\u00bb title_text=\u00bbPresentaci\u00f3n en Navarra de la Agroecolog\u00eda y EHKOlektiboa\u00bb show_bottom_space=\u00bboff\u00bb _builder_version=\u00bb4.27.4&#8243; _module_preset=\u00bbdefault\u00bb custom_margin=\u00bb80px||||false|false\u00bb border_radii=\u00bbon|100px|100px|100px|100px\u00bb border_radii_tablet=\u00bbon|100px|100px|100px|100px\u00bb border_radii_phone=\u00bbon|50px|50px|50px|50px\u00bb border_radii_last_edited=\u00bbon|phone\u00bb global_colors_info=\u00bb{}\u00bb][\/et_pb_image][\/et_pb_column][\/et_pb_row][et_pb_row column_structure=\u00bb1_2,1_2&#8243; _builder_version=\u00bb4.27.4&#8243; _module_preset=\u00bbdefault\u00bb hover_enabled=\u00bb0&#8243; global_colors_info=\u00bb{}\u00bb sticky_enabled=\u00bb0&#8243; custom_margin=\u00bb||4vh||false|false\u00bb custom_margin_last_edited=\u00bbon|phone\u00bb custom_margin_tablet=\u00bb||4vh||false|false\u00bb custom_margin_phone=\u00bb||4vh||false|false\u00bb][et_pb_column type=\u00bb1_2&#8243; _builder_version=\u00bb4.16&#8243; _module_preset=\u00bbdefault\u00bb global_colors_info=\u00bb{}\u00bb][et_pb_blurb title=\u00bbLos roles de las mujeres en los proyectos de producci\u00f3n son m\u00faltiples.\u00bb use_icon=\u00bbon\u00bb font_icon=\u00bb&#x35;||divi||400&#8243; icon_color=\u00bb#00573C\u00bb icon_placement=\u00bbleft\u00bb image_icon_width=\u00bb45px\u00bb admin_label=\u00bbBlurb Style 3&#8243; module_class=\u00bbgt-blurb-3&#8243; _builder_version=\u00bb4.27.4&#8243; _module_preset=\u00bbdefault\u00bb header_level=\u00bbh3&#8243; image_icon_custom_margin=\u00bb||||false|false\u00bb image_icon_custom_padding=\u00bb||||false|false\u00bb custom_margin=\u00bb||||false|false\u00bb custom_padding=\u00bb||||false|false\u00bb hover_enabled=\u00bb0&#8243; global_colors_info=\u00bb{}\u00bb sticky_enabled=\u00bb0&#8243; header_font_last_edited=\u00bbon|tablet\u00bb][\/et_pb_blurb][et_pb_blurb title=\u00bbExiste una dependencia relativa de las ayudas ligadas a la actividad agraria, aunque las granjas garantizan una serie de beneficios ecol\u00f3gicos y sociales.\u00bb use_icon=\u00bbon\u00bb font_icon=\u00bb&#x35;||divi||400&#8243; icon_color=\u00bb#00573C\u00bb icon_placement=\u00bbleft\u00bb image_icon_width=\u00bb45px\u00bb admin_label=\u00bbBlurb Style 3&#8243; module_class=\u00bbgt-blurb-3&#8243; _builder_version=\u00bb4.27.4&#8243; _module_preset=\u00bbdefault\u00bb header_level=\u00bbh3&#8243; image_icon_custom_margin=\u00bb||||false|false\u00bb image_icon_custom_padding=\u00bb||||false|false\u00bb custom_margin=\u00bb||0px||false|false\u00bb custom_padding=\u00bb||||false|false\u00bb global_colors_info=\u00bb{}\u00bb][\/et_pb_blurb][et_pb_blurb title=\u00bbLos canales de venta se basan en redes de relaci\u00f3n ciudadana, es una red de comunidad que funciona a trav\u00e9s del compromiso.\u00bb use_icon=\u00bbon\u00bb font_icon=\u00bb&#x35;||divi||400&#8243; icon_color=\u00bb#00573C\u00bb icon_placement=\u00bbleft\u00bb image_icon_width=\u00bb45px\u00bb admin_label=\u00bbBlurb Style 3&#8243; module_class=\u00bbgt-blurb-3&#8243; _builder_version=\u00bb4.27.4&#8243; _module_preset=\u00bbdefault\u00bb header_level=\u00bbh3&#8243; image_icon_custom_margin=\u00bb||||false|false\u00bb image_icon_custom_padding=\u00bb||||false|false\u00bb custom_margin=\u00bb||0px||false|false\u00bb custom_padding=\u00bb||||false|false\u00bb global_colors_info=\u00bb{}\u00bb][\/et_pb_blurb][et_pb_blurb title=\u00bbLa sostenibilidad de la granja depende de la capacidad de arraigo de las redes alimentarias locales con el territorio.\u00bb use_icon=\u00bbon\u00bb font_icon=\u00bb&#x35;||divi||400&#8243; icon_color=\u00bb#00573C\u00bb icon_placement=\u00bbleft\u00bb image_icon_width=\u00bb45px\u00bb admin_label=\u00bbBlurb Style 3&#8243; module_class=\u00bbgt-blurb-3&#8243; _builder_version=\u00bb4.27.4&#8243; _module_preset=\u00bbdefault\u00bb header_level=\u00bbh3&#8243; image_icon_custom_margin=\u00bb||||false|false\u00bb image_icon_custom_padding=\u00bb||||false|false\u00bb custom_margin=\u00bb||0px||false|false\u00bb custom_padding=\u00bb||||false|false\u00bb global_colors_info=\u00bb{}\u00bb][\/et_pb_blurb][\/et_pb_column][et_pb_column type=\u00bb1_2&#8243; _builder_version=\u00bb4.27.4&#8243; _module_preset=\u00bbdefault\u00bb hover_enabled=\u00bb0&#8243; global_colors_info=\u00bb{}\u00bb sticky_enabled=\u00bb0&#8243;][et_pb_image src=\u00bbhttps:\/\/ehkolektiboa.eus\/wp-content\/uploads\/2025\/10\/olatxuko-laboreak-produktoa-1-1024&#215;768.jpeg\u00bb title_text=\u00bbolatxuko laboreak producto\u00bb show_bottom_space=\u00bboff\u00bb _builder_version=\u00bb4.27.4&#8243; _module_preset=\u00bbdefault\u00bb custom_margin=\u00bb||||false|false\u00bb hover_enabled=\u00bb0&#8243; border_radii=\u00bbon|100px|100px|100px|100px\u00bb border_radii_tablet=\u00bbon|100px|100px|100px|100px\u00bb border_radii_phone=\u00bbon|50px|50px|50px|50px\u00bb border_radii_last_edited=\u00bbon|phone\u00bb global_colors_info=\u00bb{}\u00bb sticky_enabled=\u00bb0&#8243;][\/et_pb_image][\/et_pb_column][\/et_pb_row][\/et_pb_section]<\/p>\n","protected":false},"excerpt":{"rendered":"<p>Agroecolog\u00edaLabrando la agroecolog\u00eda\u2028en Euskal HerriaLa producci\u00f3n alimentaria de las \u00faltimas d\u00e9cadas se ha convertido en una de las industrias m\u00e1s poderosas del mundo; una industria que no atiende al cuidado y al respeto que se le debe al medio ambiente y a la Madre Tierra.Los gobiernos han impulsado un modelo de agricultura altamente contaminante, cuyos [&hellip;]<\/p>\n","protected":false},"author":2,"featured_media":0,"parent":0,"menu_order":0,"comment_status":"closed","ping_status":"closed","template":"","meta":{"_acf_changed":false,"_et_pb_use_builder":"on","_et_pb_old_content":"","_et_gb_content_width":"","footnotes":""},"class_list":["post-244338","page","type-page","status-publish","hentry"],"acf":[],"yoast_head":"<!-- This site is optimized with the Yoast SEO plugin v26.3 - https:\/\/yoast.com\/wordpress\/plugins\/seo\/ -->\n<title>Agroecolog\u00eda | EHKOLEKTIBOA<\/title>\n<meta name=\"description\" content=\"Labrando la agroecolog\u00eda\u2028en Euskal Herria. La producci\u00f3n alimentaria de las \u00faltimas d\u00e9cadas se ha convertido en una de las industrias m\u00e1s poderosas del mundo; una industria que no atiende al cuidado y al respeto que se le debe al medio ambiente y a la Madre Tierra.\" \/>\n<meta name=\"robots\" content=\"index, follow, max-snippet:-1, max-image-preview:large, max-video-preview:-1\" \/>\n<link rel=\"canonical\" href=\"https:\/\/ehkolektiboa.eus\/es\/agroecologia\/\" \/>\n<meta property=\"og:locale\" content=\"es_ES\" \/>\n<meta property=\"og:type\" content=\"article\" \/>\n<meta property=\"og:title\" content=\"Agroecolog\u00eda | EHKOLEKTIBOA\" \/>\n<meta property=\"og:description\" content=\"Labrando la agroecolog\u00eda\u2028en Euskal Herria. La producci\u00f3n alimentaria de las \u00faltimas d\u00e9cadas se ha convertido en una de las industrias m\u00e1s poderosas del mundo; una industria que no atiende al cuidado y al respeto que se le debe al medio ambiente y a la Madre Tierra.\" \/>\n<meta property=\"og:url\" content=\"https:\/\/ehkolektiboa.eus\/es\/agroecologia\/\" \/>\n<meta property=\"og:site_name\" content=\"EHKOLEKTIBOA\" \/>\n<meta property=\"article:modified_time\" content=\"2025-11-17T17:22:37+00:00\" \/>\n<meta name=\"twitter:card\" content=\"summary_large_image\" \/>\n<meta name=\"twitter:label1\" content=\"Tiempo de lectura\" \/>\n\t<meta name=\"twitter:data1\" content=\"8 minutos\" \/>\n<script type=\"application\/ld+json\" class=\"yoast-schema-graph\">{\"@context\":\"https:\/\/schema.org\",\"@graph\":[{\"@type\":\"WebPage\",\"@id\":\"https:\/\/ehkolektiboa.eus\/es\/agroecologia\/\",\"url\":\"https:\/\/ehkolektiboa.eus\/es\/agroecologia\/\",\"name\":\"Agroecolog\u00eda | EHKOLEKTIBOA\",\"isPartOf\":{\"@id\":\"https:\/\/ehkolektiboa.eus\/#website\"},\"datePublished\":\"2025-10-10T12:24:13+00:00\",\"dateModified\":\"2025-11-17T17:22:37+00:00\",\"description\":\"Labrando la agroecolog\u00eda\\u2028en Euskal Herria. La producci\u00f3n alimentaria de las \u00faltimas d\u00e9cadas se ha convertido en una de las industrias m\u00e1s poderosas del mundo; una industria que no atiende al cuidado y al respeto que se le debe al medio ambiente y a la Madre Tierra.\",\"breadcrumb\":{\"@id\":\"https:\/\/ehkolektiboa.eus\/es\/agroecologia\/#breadcrumb\"},\"inLanguage\":\"es\",\"potentialAction\":[{\"@type\":\"ReadAction\",\"target\":[\"https:\/\/ehkolektiboa.eus\/es\/agroecologia\/\"]}]},{\"@type\":\"BreadcrumbList\",\"@id\":\"https:\/\/ehkolektiboa.eus\/es\/agroecologia\/#breadcrumb\",\"itemListElement\":[{\"@type\":\"ListItem\",\"position\":1,\"name\":\"Home\",\"item\":\"https:\/\/ehkolektiboa.eus\/\"},{\"@type\":\"ListItem\",\"position\":2,\"name\":\"Agroecolog\u00eda\"}]},{\"@type\":\"WebSite\",\"@id\":\"https:\/\/ehkolektiboa.eus\/#website\",\"url\":\"https:\/\/ehkolektiboa.eus\/\",\"name\":\"EHKOLEKTIBOA\",\"description\":\"Agroekologiaren bidean\",\"publisher\":{\"@id\":\"https:\/\/ehkolektiboa.eus\/#organization\"},\"potentialAction\":[{\"@type\":\"SearchAction\",\"target\":{\"@type\":\"EntryPoint\",\"urlTemplate\":\"https:\/\/ehkolektiboa.eus\/?s={search_term_string}\"},\"query-input\":{\"@type\":\"PropertyValueSpecification\",\"valueRequired\":true,\"valueName\":\"search_term_string\"}}],\"inLanguage\":\"es\"},{\"@type\":\"Organization\",\"@id\":\"https:\/\/ehkolektiboa.eus\/#organization\",\"name\":\"EHKOLEKTIBOA\",\"url\":\"https:\/\/ehkolektiboa.eus\/\",\"logo\":{\"@type\":\"ImageObject\",\"inLanguage\":\"es\",\"@id\":\"https:\/\/ehkolektiboa.eus\/#\/schema\/logo\/image\/\",\"url\":\"https:\/\/ehkolektiboa.eus\/wp-content\/uploads\/2025\/10\/EHKOLEKTIBOA_marka.png\",\"contentUrl\":\"https:\/\/ehkolektiboa.eus\/wp-content\/uploads\/2025\/10\/EHKOLEKTIBOA_marka.png\",\"width\":1433,\"height\":319,\"caption\":\"EHKOLEKTIBOA\"},\"image\":{\"@id\":\"https:\/\/ehkolektiboa.eus\/#\/schema\/logo\/image\/\"}}]}<\/script>\n<!-- \/ Yoast SEO plugin. -->","yoast_head_json":{"title":"Agroecolog\u00eda | EHKOLEKTIBOA","description":"Labrando la agroecolog\u00eda\u2028en Euskal Herria. La producci\u00f3n alimentaria de las \u00faltimas d\u00e9cadas se ha convertido en una de las industrias m\u00e1s poderosas del mundo; una industria que no atiende al cuidado y al respeto que se le debe al medio ambiente y a la Madre Tierra.","robots":{"index":"index","follow":"follow","max-snippet":"max-snippet:-1","max-image-preview":"max-image-preview:large","max-video-preview":"max-video-preview:-1"},"canonical":"https:\/\/ehkolektiboa.eus\/es\/agroecologia\/","og_locale":"es_ES","og_type":"article","og_title":"Agroecolog\u00eda | EHKOLEKTIBOA","og_description":"Labrando la agroecolog\u00eda\u2028en Euskal Herria. La producci\u00f3n alimentaria de las \u00faltimas d\u00e9cadas se ha convertido en una de las industrias m\u00e1s poderosas del mundo; una industria que no atiende al cuidado y al respeto que se le debe al medio ambiente y a la Madre Tierra.","og_url":"https:\/\/ehkolektiboa.eus\/es\/agroecologia\/","og_site_name":"EHKOLEKTIBOA","article_modified_time":"2025-11-17T17:22:37+00:00","twitter_card":"summary_large_image","twitter_misc":{"Tiempo de lectura":"8 minutos"},"schema":{"@context":"https:\/\/schema.org","@graph":[{"@type":"WebPage","@id":"https:\/\/ehkolektiboa.eus\/es\/agroecologia\/","url":"https:\/\/ehkolektiboa.eus\/es\/agroecologia\/","name":"Agroecolog\u00eda | EHKOLEKTIBOA","isPartOf":{"@id":"https:\/\/ehkolektiboa.eus\/#website"},"datePublished":"2025-10-10T12:24:13+00:00","dateModified":"2025-11-17T17:22:37+00:00","description":"Labrando la agroecolog\u00eda\u2028en Euskal Herria. La producci\u00f3n alimentaria de las \u00faltimas d\u00e9cadas se ha convertido en una de las industrias m\u00e1s poderosas del mundo; una industria que no atiende al cuidado y al respeto que se le debe al medio ambiente y a la Madre Tierra.","breadcrumb":{"@id":"https:\/\/ehkolektiboa.eus\/es\/agroecologia\/#breadcrumb"},"inLanguage":"es","potentialAction":[{"@type":"ReadAction","target":["https:\/\/ehkolektiboa.eus\/es\/agroecologia\/"]}]},{"@type":"BreadcrumbList","@id":"https:\/\/ehkolektiboa.eus\/es\/agroecologia\/#breadcrumb","itemListElement":[{"@type":"ListItem","position":1,"name":"Home","item":"https:\/\/ehkolektiboa.eus\/"},{"@type":"ListItem","position":2,"name":"Agroecolog\u00eda"}]},{"@type":"WebSite","@id":"https:\/\/ehkolektiboa.eus\/#website","url":"https:\/\/ehkolektiboa.eus\/","name":"EHKOLEKTIBOA","description":"Agroekologiaren bidean","publisher":{"@id":"https:\/\/ehkolektiboa.eus\/#organization"},"potentialAction":[{"@type":"SearchAction","target":{"@type":"EntryPoint","urlTemplate":"https:\/\/ehkolektiboa.eus\/?s={search_term_string}"},"query-input":{"@type":"PropertyValueSpecification","valueRequired":true,"valueName":"search_term_string"}}],"inLanguage":"es"},{"@type":"Organization","@id":"https:\/\/ehkolektiboa.eus\/#organization","name":"EHKOLEKTIBOA","url":"https:\/\/ehkolektiboa.eus\/","logo":{"@type":"ImageObject","inLanguage":"es","@id":"https:\/\/ehkolektiboa.eus\/#\/schema\/logo\/image\/","url":"https:\/\/ehkolektiboa.eus\/wp-content\/uploads\/2025\/10\/EHKOLEKTIBOA_marka.png","contentUrl":"https:\/\/ehkolektiboa.eus\/wp-content\/uploads\/2025\/10\/EHKOLEKTIBOA_marka.png","width":1433,"height":319,"caption":"EHKOLEKTIBOA"},"image":{"@id":"https:\/\/ehkolektiboa.eus\/#\/schema\/logo\/image\/"}}]}},"_links":{"self":[{"href":"https:\/\/ehkolektiboa.eus\/es\/wp-json\/wp\/v2\/pages\/244338","targetHints":{"allow":["GET"]}}],"collection":[{"href":"https:\/\/ehkolektiboa.eus\/es\/wp-json\/wp\/v2\/pages"}],"about":[{"href":"https:\/\/ehkolektiboa.eus\/es\/wp-json\/wp\/v2\/types\/page"}],"author":[{"embeddable":true,"href":"https:\/\/ehkolektiboa.eus\/es\/wp-json\/wp\/v2\/users\/2"}],"replies":[{"embeddable":true,"href":"https:\/\/ehkolektiboa.eus\/es\/wp-json\/wp\/v2\/comments?post=244338"}],"version-history":[{"count":5,"href":"https:\/\/ehkolektiboa.eus\/es\/wp-json\/wp\/v2\/pages\/244338\/revisions"}],"predecessor-version":[{"id":244378,"href":"https:\/\/ehkolektiboa.eus\/es\/wp-json\/wp\/v2\/pages\/244338\/revisions\/244378"}],"wp:attachment":[{"href":"https:\/\/ehkolektiboa.eus\/es\/wp-json\/wp\/v2\/media?parent=244338"}],"curies":[{"name":"wp","href":"https:\/\/api.w.org\/{rel}","templated":true}]}}