{"id":244341,"date":"2022-02-16T11:52:00","date_gmt":"2022-02-16T10:52:00","guid":{"rendered":"https:\/\/ehkolektiboa.eus\/hazte-socia\/"},"modified":"2026-03-30T16:28:08","modified_gmt":"2026-03-30T14:28:08","slug":"hazte-socia","status":"publish","type":"page","link":"https:\/\/ehkolektiboa.eus\/es\/hazte-socia\/","title":{"rendered":"\u00a1Hazte socia!"},"content":{"rendered":"<p>[et_pb_section fb_built=\u00bb1&#8243; admin_label=\u00bbContent Section 18&#8243; _builder_version=\u00bb4.16&#8243; _module_preset=\u00bbdefault\u00bb global_colors_info=\u00bb{}\u00bb][et_pb_row _builder_version=\u00bb4.27.4&#8243; _module_preset=\u00bbdefault\u00bb custom_padding=\u00bb||0px||false|false\u00bb global_colors_info=\u00bb{}\u00bb][et_pb_column type=\u00bb4_4&#8243; _builder_version=\u00bb4.16&#8243; _module_preset=\u00bbdefault\u00bb global_colors_info=\u00bb{}\u00bb][et_pb_text _builder_version=\u00bb4.27.4&#8243; _module_preset=\u00bbdefault\u00bb text_font=\u00bb|700|||||||\u00bb custom_margin=\u00bb||16px||false|false\u00bb global_colors_info=\u00bb{}\u00bb]<\/p>\n<p>\u00a1Hazte socia!<\/p>\n<p>[\/et_pb_text][et_pb_text module_class=\u00bbgt-heading\u00bb _builder_version=\u00bb4.27.4&#8243; _module_preset=\u00bbdefault\u00bb max_width=\u00bb800px\u00bb global_colors_info=\u00bb{}\u00bb]<\/p>\n<h1>Nuestra comunidad<\/h1>\n<p>[\/et_pb_text][et_pb_text _builder_version=\u00bb4.27.4&#8243; _module_preset=\u00bbdefault\u00bb max_width=\u00bb800px\u00bb global_colors_info=\u00bb{}\u00bb]<\/p>\n<h4>En EHKOlektiboa tiene cabida toda persona o asociaci\u00f3n que tenga como objetivo impulsar una alimentaci\u00f3n sana para todos, respetuosa y accesible para las personas, los animales y el entorno. El cultivo de la agroecolog\u00eda en nuestros caser\u00edos, y junto con la sociedad, lo hacemos con una mirada popular y colaborativa, donde t\u00fa tambi\u00e9n tienes cabida. <\/h4>\n<h4>Por ello, trabajamos para establecer lazos permanentes con diferentes agentes:<\/h4>\n<p>[\/et_pb_text][et_pb_text module_class=\u00bbgt-heading\u00bb _builder_version=\u00bb4.27.4&#8243; _module_preset=\u00bbdefault\u00bb max_width=\u00bb800px\u00bb custom_margin=\u00bb||0px||false|false\u00bb custom_padding=\u00bb||0px||false|false\u00bb global_colors_info=\u00bb{}\u00bb]<\/p>\n<h3>Caser\u00edos <br \/>Ciudadan\u00eda <br \/>Tiendas &#8211; Grupos de consumo <br \/>Asociaciones<\/h3>\n<p>[\/et_pb_text][\/et_pb_column][\/et_pb_row][\/et_pb_section][et_pb_section fb_built=\u00bb1&#8243; admin_label=\u00bbHero Section 4&#8243; _builder_version=\u00bb4.27.4&#8243; _module_preset=\u00bbdefault\u00bb background_image=\u00bbhttps:\/\/ehkolektiboa.eus\/wp-content\/uploads\/2025\/10\/ehko_izan-kide.jpg\u00bb min_height=\u00bb50vh\u00bb custom_css_main_element=\u00bbdisplay: flex;||flex-direction: column;||justify-content: center;\u00bb global_colors_info=\u00bb{}\u00bb][et_pb_row column_structure=\u00bb3_5,2_5&#8243; _builder_version=\u00bb4.16&#8243; _module_preset=\u00bbdefault\u00bb global_colors_info=\u00bb{}\u00bb][et_pb_column type=\u00bb3_5&#8243; _builder_version=\u00bb4.16&#8243; _module_preset=\u00bbdefault\u00bb global_colors_info=\u00bb{}\u00bb][et_pb_text module_class=\u00bbgt-heading\u00bb _builder_version=\u00bb4.27.4&#8243; _module_preset=\u00bbdefault\u00bb custom_padding=\u00bb||||false|false\u00bb header_text_shadow_style=\u00bbpreset2&#8243; global_colors_info=\u00bb{}\u00bb]<\/p>\n<h1><span style=\"color: #ffffff;\">\u00a1Hazte socia!<\/span><\/h1>\n<p>[\/et_pb_text][et_pb_text _builder_version=\u00bb4.27.4&#8243; _module_preset=\u00bbdefault\u00bb header_4_text_shadow_style=\u00bbpreset1&#8243; global_colors_info=\u00bb{}\u00bb]<\/p>\n<h3><strong><span style=\"color: #ffffff;\">Para m\u00e1s informaci\u00f3n, ponte en contacto con nosotras. \u00a1\u00danete de acuerdo con tus posibilidades, porque juntos construimos el camino de la agroecolog\u00eda! <\/span><\/strong><\/h3>\n<p>[\/et_pb_text][et_pb_button button_url=\u00bbmailto:info@ehkolektiboa.eus\u00bb button_text=\u00bbContacto\u00bb _builder_version=\u00bb4.27.4&#8243; _module_preset=\u00bbdefault\u00bb custom_button=\u00bbon\u00bb button_text_color=\u00bb#FFFFFF\u00bb button_border_color=\u00bb#FFFFFF\u00bb button_border_radius=\u00bb6px\u00bb button_use_icon=\u00bboff\u00bb global_colors_info=\u00bb{}\u00bb button_text_color__hover_enabled=\u00bbon|hover\u00bb button_text_color__hover=\u00bb#FFFFFF\u00bb button_bg_color__hover_enabled=\u00bbon|desktop\u00bb button_bg_color__hover=\u00bb#00573C\u00bb button_bg_enable_color__hover=\u00bbon\u00bb button_border_color__hover_enabled=\u00bbon|hover\u00bb button_border_color__hover=\u00bb#00573C\u00bb][\/et_pb_button][\/et_pb_column][et_pb_column type=\u00bb2_5&#8243; _builder_version=\u00bb4.16&#8243; _module_preset=\u00bbdefault\u00bb global_colors_info=\u00bb{}\u00bb][\/et_pb_column][\/et_pb_row][\/et_pb_section][et_pb_section fb_built=\u00bb1&#8243; admin_label=\u00bbContent Section 14&#8243; _builder_version=\u00bb4.27.4&#8243; _module_preset=\u00bbdefault\u00bb custom_margin=\u00bb||||false|false\u00bb custom_padding=\u00bb||||false|false\u00bb global_colors_info=\u00bb{}\u00bb][et_pb_row _builder_version=\u00bb4.16&#8243; _module_preset=\u00bbdefault\u00bb global_colors_info=\u00bb{}\u00bb][et_pb_column type=\u00bb4_4&#8243; _builder_version=\u00bb4.16&#8243; _module_preset=\u00bbdefault\u00bb global_colors_info=\u00bb{}\u00bb][et_pb_text _builder_version=\u00bb4.27.4&#8243; _module_preset=\u00bbdefault\u00bb max_width=\u00bb800px\u00bb global_colors_info=\u00bb{}\u00bb]<\/p>\n<h4>Y para asociarte a EHKOlektiboa hay dos formas distintas adaptadas a diferentes posibilidades:<\/h4>\n<p>[\/et_pb_text][\/et_pb_column][\/et_pb_row][et_pb_row column_structure=\u00bb1_2,1_2&#8243; _builder_version=\u00bb4.27.4&#8243; _module_preset=\u00bbdefault\u00bb global_colors_info=\u00bb{}\u00bb][et_pb_column type=\u00bb1_2&#8243; _builder_version=\u00bb4.16&#8243; _module_preset=\u00bbdefault\u00bb global_colors_info=\u00bb{}\u00bb][et_pb_blurb title=\u00bbParticipantes\u00bb image=\u00bbhttps:\/\/ehkolektiboa.eus\/wp-content\/uploads\/2025\/10\/sagarrak.jpg\u00bb admin_label=\u00bbBlurb Style 6&#8243; module_class=\u00bbgt-blurb-6  gt-blurb-image-effect\u00bb _builder_version=\u00bb4.27.4&#8243; _module_preset=\u00bbdefault\u00bb header_level=\u00bbh2&#8243; background_layout=\u00bbdark\u00bb global_colors_info=\u00bb{}\u00bb]<\/p>\n<h4>Caser\u00edos, ciudadan\u00eda y agentes activos impulsores de la agroecolog\u00eda.<\/h4>\n<p>[\/et_pb_blurb][\/et_pb_column][et_pb_column type=\u00bb1_2&#8243; _builder_version=\u00bb4.16&#8243; _module_preset=\u00bbdefault\u00bb global_colors_info=\u00bb{}\u00bb][et_pb_blurb title=\u00bbPatrocinadores y patrocinadoras\u00bb image=\u00bbhttps:\/\/ehkolektiboa.eus\/wp-content\/uploads\/2025\/10\/ehko_2030-1024&#215;683.jpg\u00bb admin_label=\u00bbBlurb Style 6&#8243; module_class=\u00bbgt-blurb-6  gt-blurb-image-effect\u00bb _builder_version=\u00bb4.27.4&#8243; _module_preset=\u00bbdefault\u00bb header_level=\u00bbh2&#8243; background_layout=\u00bbdark\u00bb hover_enabled=\u00bb0&#8243; global_colors_info=\u00bb{}\u00bb sticky_enabled=\u00bb0&#8243;]<\/p>\n<h4>Caser\u00edos, ciudadan\u00eda y agentes que apoyan econ\u00f3micamente o solidariamente el proyecto, aunque no participen en las actividades cotidianas.<\/h4>\n<p>[\/et_pb_blurb][\/et_pb_column][\/et_pb_row][\/et_pb_section]<\/p>\n","protected":false},"excerpt":{"rendered":"<p>\u00a1Hazte socia!Nuestra comunidadEn EHKOlektiboa tiene cabida toda persona o asociaci\u00f3n que tenga como objetivo impulsar una alimentaci\u00f3n sana para todos, respetuosa y accesible para las personas, los animales y el entorno. El cultivo de la agroecolog\u00eda en nuestros caser\u00edos, y junto con la sociedad, lo hacemos con una mirada popular y colaborativa, donde t\u00fa tambi\u00e9n [&hellip;]<\/p>\n","protected":false},"author":2,"featured_media":0,"parent":0,"menu_order":0,"comment_status":"closed","ping_status":"closed","template":"","meta":{"_acf_changed":false,"_et_pb_use_builder":"on","_et_pb_old_content":"","_et_gb_content_width":"","footnotes":""},"class_list":["post-244341","page","type-page","status-publish","hentry"],"acf":[],"yoast_head":"<!-- This site is optimized with the Yoast SEO plugin v26.3 - https:\/\/yoast.com\/wordpress\/plugins\/seo\/ -->\n<title>\u00a1Hazte socia! | EHKOLEKTIBOA<\/title>\n<meta name=\"description\" content=\"En EHKOlektiboa tiene cabida toda persona o asociaci\u00f3n que tenga como objetivo la alimentaci\u00f3n sana, respetuosa con las personas, los animales y el entorno.\" \/>\n<meta name=\"robots\" content=\"index, follow, max-snippet:-1, max-image-preview:large, max-video-preview:-1\" \/>\n<link rel=\"canonical\" href=\"https:\/\/ehkolektiboa.eus\/izan-kide\/\" \/>\n<meta property=\"og:locale\" content=\"es_ES\" \/>\n<meta property=\"og:type\" content=\"article\" \/>\n<meta property=\"og:title\" content=\"\u00a1Hazte socia! | EHKOLEKTIBOA\" \/>\n<meta property=\"og:description\" content=\"En EHKOlektiboa tiene cabida toda persona o asociaci\u00f3n que tenga como objetivo la alimentaci\u00f3n sana, respetuosa con las personas, los animales y el entorno.\" \/>\n<meta property=\"og:url\" content=\"https:\/\/ehkolektiboa.eus\/izan-kide\/\" \/>\n<meta property=\"og:site_name\" content=\"EHKOLEKTIBOA\" \/>\n<meta property=\"article:modified_time\" content=\"2026-03-30T14:28:08+00:00\" \/>\n<meta name=\"twitter:card\" content=\"summary_large_image\" \/>\n<meta name=\"twitter:label1\" content=\"Tiempo de lectura\" \/>\n\t<meta name=\"twitter:data1\" content=\"4 minutos\" \/>\n<script type=\"application\/ld+json\" class=\"yoast-schema-graph\">{\"@context\":\"https:\/\/schema.org\",\"@graph\":[{\"@type\":\"WebPage\",\"@id\":\"https:\/\/ehkolektiboa.eus\/izan-kide\/\",\"url\":\"https:\/\/ehkolektiboa.eus\/izan-kide\/\",\"name\":\"\u00a1Hazte socia! | EHKOLEKTIBOA\",\"isPartOf\":{\"@id\":\"https:\/\/ehkolektiboa.eus\/#website\"},\"datePublished\":\"2022-02-16T10:52:00+00:00\",\"dateModified\":\"2026-03-30T14:28:08+00:00\",\"description\":\"En EHKOlektiboa tiene cabida toda persona o asociaci\u00f3n que tenga como objetivo la alimentaci\u00f3n sana, respetuosa con las personas, los animales y el entorno.\",\"breadcrumb\":{\"@id\":\"https:\/\/ehkolektiboa.eus\/izan-kide\/#breadcrumb\"},\"inLanguage\":\"es\",\"potentialAction\":[{\"@type\":\"ReadAction\",\"target\":[\"https:\/\/ehkolektiboa.eus\/izan-kide\/\"]}]},{\"@type\":\"BreadcrumbList\",\"@id\":\"https:\/\/ehkolektiboa.eus\/izan-kide\/#breadcrumb\",\"itemListElement\":[{\"@type\":\"ListItem\",\"position\":1,\"name\":\"Home\",\"item\":\"https:\/\/ehkolektiboa.eus\/\"},{\"@type\":\"ListItem\",\"position\":2,\"name\":\"\u00a1Hazte socia!\"}]},{\"@type\":\"WebSite\",\"@id\":\"https:\/\/ehkolektiboa.eus\/#website\",\"url\":\"https:\/\/ehkolektiboa.eus\/\",\"name\":\"EHKOLEKTIBOA\",\"description\":\"Agroekologiaren bidean\",\"publisher\":{\"@id\":\"https:\/\/ehkolektiboa.eus\/#organization\"},\"potentialAction\":[{\"@type\":\"SearchAction\",\"target\":{\"@type\":\"EntryPoint\",\"urlTemplate\":\"https:\/\/ehkolektiboa.eus\/?s={search_term_string}\"},\"query-input\":{\"@type\":\"PropertyValueSpecification\",\"valueRequired\":true,\"valueName\":\"search_term_string\"}}],\"inLanguage\":\"es\"},{\"@type\":\"Organization\",\"@id\":\"https:\/\/ehkolektiboa.eus\/#organization\",\"name\":\"EHKOLEKTIBOA\",\"url\":\"https:\/\/ehkolektiboa.eus\/\",\"logo\":{\"@type\":\"ImageObject\",\"inLanguage\":\"es\",\"@id\":\"https:\/\/ehkolektiboa.eus\/#\/schema\/logo\/image\/\",\"url\":\"https:\/\/ehkolektiboa.eus\/wp-content\/uploads\/2025\/10\/EHKOLEKTIBOA_marka.png\",\"contentUrl\":\"https:\/\/ehkolektiboa.eus\/wp-content\/uploads\/2025\/10\/EHKOLEKTIBOA_marka.png\",\"width\":1433,\"height\":319,\"caption\":\"EHKOLEKTIBOA\"},\"image\":{\"@id\":\"https:\/\/ehkolektiboa.eus\/#\/schema\/logo\/image\/\"}}]}<\/script>\n<!-- \/ Yoast SEO plugin. -->","yoast_head_json":{"title":"\u00a1Hazte socia! | EHKOLEKTIBOA","description":"En EHKOlektiboa tiene cabida toda persona o asociaci\u00f3n que tenga como objetivo la alimentaci\u00f3n sana, respetuosa con las personas, los animales y el entorno.","robots":{"index":"index","follow":"follow","max-snippet":"max-snippet:-1","max-image-preview":"max-image-preview:large","max-video-preview":"max-video-preview:-1"},"canonical":"https:\/\/ehkolektiboa.eus\/izan-kide\/","og_locale":"es_ES","og_type":"article","og_title":"\u00a1Hazte socia! | EHKOLEKTIBOA","og_description":"En EHKOlektiboa tiene cabida toda persona o asociaci\u00f3n que tenga como objetivo la alimentaci\u00f3n sana, respetuosa con las personas, los animales y el entorno.","og_url":"https:\/\/ehkolektiboa.eus\/izan-kide\/","og_site_name":"EHKOLEKTIBOA","article_modified_time":"2026-03-30T14:28:08+00:00","twitter_card":"summary_large_image","twitter_misc":{"Tiempo de lectura":"4 minutos"},"schema":{"@context":"https:\/\/schema.org","@graph":[{"@type":"WebPage","@id":"https:\/\/ehkolektiboa.eus\/izan-kide\/","url":"https:\/\/ehkolektiboa.eus\/izan-kide\/","name":"\u00a1Hazte socia! | EHKOLEKTIBOA","isPartOf":{"@id":"https:\/\/ehkolektiboa.eus\/#website"},"datePublished":"2022-02-16T10:52:00+00:00","dateModified":"2026-03-30T14:28:08+00:00","description":"En EHKOlektiboa tiene cabida toda persona o asociaci\u00f3n que tenga como objetivo la alimentaci\u00f3n sana, respetuosa con las personas, los animales y el entorno.","breadcrumb":{"@id":"https:\/\/ehkolektiboa.eus\/izan-kide\/#breadcrumb"},"inLanguage":"es","potentialAction":[{"@type":"ReadAction","target":["https:\/\/ehkolektiboa.eus\/izan-kide\/"]}]},{"@type":"BreadcrumbList","@id":"https:\/\/ehkolektiboa.eus\/izan-kide\/#breadcrumb","itemListElement":[{"@type":"ListItem","position":1,"name":"Home","item":"https:\/\/ehkolektiboa.eus\/"},{"@type":"ListItem","position":2,"name":"\u00a1Hazte socia!"}]},{"@type":"WebSite","@id":"https:\/\/ehkolektiboa.eus\/#website","url":"https:\/\/ehkolektiboa.eus\/","name":"EHKOLEKTIBOA","description":"Agroekologiaren bidean","publisher":{"@id":"https:\/\/ehkolektiboa.eus\/#organization"},"potentialAction":[{"@type":"SearchAction","target":{"@type":"EntryPoint","urlTemplate":"https:\/\/ehkolektiboa.eus\/?s={search_term_string}"},"query-input":{"@type":"PropertyValueSpecification","valueRequired":true,"valueName":"search_term_string"}}],"inLanguage":"es"},{"@type":"Organization","@id":"https:\/\/ehkolektiboa.eus\/#organization","name":"EHKOLEKTIBOA","url":"https:\/\/ehkolektiboa.eus\/","logo":{"@type":"ImageObject","inLanguage":"es","@id":"https:\/\/ehkolektiboa.eus\/#\/schema\/logo\/image\/","url":"https:\/\/ehkolektiboa.eus\/wp-content\/uploads\/2025\/10\/EHKOLEKTIBOA_marka.png","contentUrl":"https:\/\/ehkolektiboa.eus\/wp-content\/uploads\/2025\/10\/EHKOLEKTIBOA_marka.png","width":1433,"height":319,"caption":"EHKOLEKTIBOA"},"image":{"@id":"https:\/\/ehkolektiboa.eus\/#\/schema\/logo\/image\/"}}]}},"_links":{"self":[{"href":"https:\/\/ehkolektiboa.eus\/es\/wp-json\/wp\/v2\/pages\/244341","targetHints":{"allow":["GET"]}}],"collection":[{"href":"https:\/\/ehkolektiboa.eus\/es\/wp-json\/wp\/v2\/pages"}],"about":[{"href":"https:\/\/ehkolektiboa.eus\/es\/wp-json\/wp\/v2\/types\/page"}],"author":[{"embeddable":true,"href":"https:\/\/ehkolektiboa.eus\/es\/wp-json\/wp\/v2\/users\/2"}],"replies":[{"embeddable":true,"href":"https:\/\/ehkolektiboa.eus\/es\/wp-json\/wp\/v2\/comments?post=244341"}],"version-history":[{"count":11,"href":"https:\/\/ehkolektiboa.eus\/es\/wp-json\/wp\/v2\/pages\/244341\/revisions"}],"predecessor-version":[{"id":244779,"href":"https:\/\/ehkolektiboa.eus\/es\/wp-json\/wp\/v2\/pages\/244341\/revisions\/244779"}],"wp:attachment":[{"href":"https:\/\/ehkolektiboa.eus\/es\/wp-json\/wp\/v2\/media?parent=244341"}],"curies":[{"name":"wp","href":"https:\/\/api.w.org\/{rel}","templated":true}]}}