{"id":244388,"date":"2025-10-11T11:48:18","date_gmt":"2025-10-11T09:48:18","guid":{"rendered":"https:\/\/ehkolektiboa.eus\/spg\/"},"modified":"2025-11-18T10:23:47","modified_gmt":"2025-11-18T09:23:47","slug":"spg","status":"publish","type":"page","link":"https:\/\/ehkolektiboa.eus\/es\/spg\/","title":{"rendered":"SPG"},"content":{"rendered":"<p>[et_pb_section fb_built=\u00bb1&#8243; admin_label=\u00bbHero Section 7&#8243; _builder_version=\u00bb4.16&#8243; _module_preset=\u00bbdefault\u00bb custom_padding=\u00bb100px||||false|false\u00bb global_colors_info=\u00bb{}\u00bb][et_pb_row _builder_version=\u00bb4.16&#8243; _module_preset=\u00bbdefault\u00bb global_colors_info=\u00bb{}\u00bb][et_pb_column type=\u00bb4_4&#8243; _builder_version=\u00bb4.16&#8243; _module_preset=\u00bbdefault\u00bb global_colors_info=\u00bb{}\u00bb][et_pb_text _builder_version=\u00bb4.27.4&#8243; _module_preset=\u00bbdefault\u00bb text_font=\u00bb|700|||||||\u00bb text_text_color=\u00bb#000000&#8243; custom_margin=\u00bb||16px||false|false\u00bb global_colors_info=\u00bb{}\u00bb]<\/p>\n<p><span style=\"color: #000000;\">SPG<\/span><\/p>\n<p>[\/et_pb_text][et_pb_text module_class=\u00bbgt-heading\u00bb _builder_version=\u00bb4.27.4&#8243; _module_preset=\u00bbdefault\u00bb header_font=\u00bb&#8211;et_global_heading_font||||||||\u00bb header_line_height=\u00bb1.1em\u00bb global_colors_info=\u00bb{}\u00bb]<\/p>\n<h1>Sistema Participativo de Garant\u00edas,\u2028<br \/>\nuna herramienta para identificarnos<br \/>\n<\/h1>\n<p>[\/et_pb_text][et_pb_text _builder_version=\u00bb4.27.4&#8243; _module_preset=\u00bbdefault\u00bb text_font=\u00bb|700|||||||\u00bb header_4_font=\u00bb&#8211;et_global_heading_font||||||||\u00bb custom_margin=\u00bb||16px||false|false\u00bb global_colors_info=\u00bb{}\u00bb]<\/p>\n<h3>El Sistema Participativo de Garant\u00edas (SPG) es una herramienta participativa basada en la confianza mutua entre los y las agricultoras, la ciudadan\u00eda y otros agentes sociales para garantizar y comunicar la calidad agroecol\u00f3gica de los alimentos y de los procesos productivos. Es una alternativa popular de control o certificaci\u00f3n. <\/h3>\n<p>[\/et_pb_text][\/et_pb_column][\/et_pb_row][\/et_pb_section][et_pb_section fb_built=\u00bb1&#8243; admin_label=\u00bbContent Section 3&#8243; _builder_version=\u00bb4.27.4&#8243; _module_preset=\u00bbdefault\u00bb background_image=\u00bbhttps:\/\/ehkolektiboa.eus\/wp-content\/uploads\/2025\/10\/ehko_2022.jpg\u00bb parallax=\u00bbon\u00bb parallax_method=\u00bboff\u00bb min_height=\u00bb80vh\u00bb global_colors_info=\u00bb{}\u00bb][et_pb_row _builder_version=\u00bb4.16&#8243; _module_preset=\u00bbdefault\u00bb global_colors_info=\u00bb{}\u00bb][et_pb_column type=\u00bb4_4&#8243; _builder_version=\u00bb4.16&#8243; _module_preset=\u00bbdefault\u00bb global_colors_info=\u00bb{}\u00bb][\/et_pb_column][\/et_pb_row][\/et_pb_section][et_pb_section fb_built=\u00bb1&#8243; admin_label=\u00bbHero Section 7&#8243; _builder_version=\u00bb4.27.4&#8243; _module_preset=\u00bbdefault\u00bb custom_padding=\u00bb||0px||false|false\u00bb global_colors_info=\u00bb{}\u00bb][et_pb_row _builder_version=\u00bb4.27.4&#8243; _module_preset=\u00bbdefault\u00bb custom_padding=\u00bb||0px||false|false\u00bb global_colors_info=\u00bb{}\u00bb][et_pb_column type=\u00bb4_4&#8243; _builder_version=\u00bb4.16&#8243; _module_preset=\u00bbdefault\u00bb global_colors_info=\u00bb{}\u00bb][et_pb_text _builder_version=\u00bb4.27.4&#8243; _module_preset=\u00bbdefault\u00bb text_font=\u00bb|700|||||||\u00bb text_text_color=\u00bb#000000&#8243; custom_margin=\u00bb||16px||false|false\u00bb global_colors_info=\u00bb{}\u00bb]<\/p>\n<p><span style=\"color: #000000;\">SPG<\/span><\/p>\n<p>[\/et_pb_text][et_pb_text _builder_version=\u00bb4.27.4&#8243; _module_preset=\u00bbdefault\u00bb text_font=\u00bb|700|||||||\u00bb header_4_font=\u00bb&#8211;et_global_heading_font||||||||\u00bb custom_margin=\u00bb||0px||false|false\u00bb global_colors_info=\u00bb{}\u00bb]<\/p>\n<h3>El Sistema Participativo de Garant\u00edas (SPG) se basa en la participaci\u00f3n activa tanto de los y las agricultoras como de la ciudadan\u00eda. Permite definir, comprender y poner en pr\u00e1ctica criterios socio-laborales, econ\u00f3micos, pol\u00edtico-culturales y t\u00e9cnico-ecol\u00f3gicos acordes con la agroecolog\u00eda y la Soberan\u00eda Alimentaria. <\/h3>\n<p>[\/et_pb_text][\/et_pb_column][\/et_pb_row][et_pb_row column_structure=\u00bb1_2,1_2&#8243; _builder_version=\u00bb4.27.4&#8243; _module_preset=\u00bbdefault\u00bb custom_padding=\u00bb||||false|false\u00bb global_colors_info=\u00bb{}\u00bb][et_pb_column type=\u00bb1_2&#8243; _builder_version=\u00bb4.16&#8243; _module_preset=\u00bbdefault\u00bb custom_padding_tablet=\u00bb||45px||false|false\u00bb custom_padding_phone=\u00bb||45px||false|false\u00bb custom_padding_last_edited=\u00bbon|tablet\u00bb global_colors_info=\u00bb{}\u00bb][et_pb_blurb image=\u00bbhttps:\/\/ehkolektiboa.eus\/wp-content\/uploads\/2025\/10\/cropped-ikonoa-300&#215;300.png\u00bb image_icon_width=\u00bb64px\u00bb icon_alignment=\u00bbleft\u00bb image_icon_width_tablet=\u00bb64px\u00bb image_icon_width_phone=\u00bb64px\u00bb image_icon_width_last_edited=\u00bbon|tablet\u00bb admin_label=\u00bbBlurb Style 4&#8243; module_class=\u00bbgt-blurb-4&#8243; _builder_version=\u00bb4.27.4&#8243; _dynamic_attributes=\u00bblink_option_url\u00bb _module_preset=\u00bbdefault\u00bb header_level=\u00bbh3&#8243; header_font=\u00bb&#8211;et_global_heading_font||||||||\u00bb header_font_size=\u00bb22px\u00bb body_font=\u00bb&#8211;et_global_body_font||||||||\u00bb body_line_height=\u00bb1.5em\u00bb custom_margin_tablet=\u00bb\u00bb custom_margin_phone=\u00bb\u00bb custom_margin_last_edited=\u00bbon|tablet\u00bb custom_padding=\u00bb||||false|false\u00bb link_option_url=\u00bb@ET-DC@eyJkeW5hbWljIjp0cnVlLCJjb250ZW50IjoicG9zdF9saW5rX3VybF9wYWdlIiwic2V0dGluZ3MiOnsicG9zdF9pZCI6IjI5IiwiZW5hYmxlX2h0bWwiOiJvZmYifX0=@\u00bb border_width_all=\u00bb2px\u00bb border_color_all=\u00bbRGBA(255,255,255,0)\u00bb global_colors_info=\u00bb{}\u00bb border_color_all__hover_enabled=\u00bbon|hover\u00bb border_color_all__hover=\u00bb#000000&#8243;]<\/p>\n<p>El SPG refuerza los v\u00ednculos entre las comunidades implicadas a trav\u00e9s de la participaci\u00f3n y el consenso en torno a los compromisos, criterios y procedimientos que se ponen en marcha.<\/p>\n<p>[\/et_pb_blurb][\/et_pb_column][et_pb_column type=\u00bb1_2&#8243; _builder_version=\u00bb4.27.4&#8243; _module_preset=\u00bbdefault\u00bb global_colors_info=\u00bb{}\u00bb][et_pb_blurb image=\u00bbhttps:\/\/ehkolektiboa.eus\/wp-content\/uploads\/2025\/10\/cropped-ikonoa-300&#215;300.png\u00bb image_icon_width=\u00bb64px\u00bb icon_alignment=\u00bbleft\u00bb image_icon_width_tablet=\u00bb64px\u00bb image_icon_width_phone=\u00bb64px\u00bb image_icon_width_last_edited=\u00bbon|tablet\u00bb admin_label=\u00bbBlurb Style 4&#8243; module_class=\u00bbgt-blurb-4&#8243; _builder_version=\u00bb4.27.4&#8243; _dynamic_attributes=\u00bblink_option_url\u00bb _module_preset=\u00bbdefault\u00bb header_level=\u00bbh3&#8243; header_font=\u00bb&#8211;et_global_heading_font||||||||\u00bb header_font_size=\u00bb22px\u00bb body_font=\u00bb&#8211;et_global_body_font||||||||\u00bb body_line_height=\u00bb1.5em\u00bb custom_margin_tablet=\u00bb\u00bb custom_margin_phone=\u00bb\u00bb custom_margin_last_edited=\u00bbon|tablet\u00bb custom_padding=\u00bb||||false|false\u00bb link_option_url=\u00bb@ET-DC@eyJkeW5hbWljIjp0cnVlLCJjb250ZW50IjoicG9zdF9saW5rX3VybF9wYWdlIiwic2V0dGluZ3MiOnsicG9zdF9pZCI6IjI5IiwiZW5hYmxlX2h0bWwiOiJvZmYifX0=@\u00bb border_width_all=\u00bb2px\u00bb border_color_all=\u00bbRGBA(255,255,255,0)\u00bb global_colors_info=\u00bb{}\u00bb border_color_all__hover_enabled=\u00bbon|hover\u00bb border_color_all__hover=\u00bb#000000&#8243;]<\/p>\n<p>Empodera a peque\u00f1os y peque\u00f1as agricultoras, crea circuitos locales de comercializaci\u00f3n, promueve la soberan\u00eda alimentaria y favorece la recuperaci\u00f3n del conocimiento, adapt\u00e1ndolo a la realidad de cada comunidad.<\/p>\n<p>[\/et_pb_blurb][\/et_pb_column][\/et_pb_row][\/et_pb_section][et_pb_section fb_built=\u00bb1&#8243; admin_label=\u00bbTeam Section 1&#8243; _builder_version=\u00bb4.27.4&#8243; _module_preset=\u00bbdefault\u00bb width=\u00bb99.8%\u00bb custom_margin=\u00bb||||false|false\u00bb custom_padding=\u00bb||||false|false\u00bb global_colors_info=\u00bb{}\u00bb][et_pb_row _builder_version=\u00bb4.27.4&#8243; _module_preset=\u00bbdefault\u00bb custom_padding=\u00bb||0px||false|false\u00bb global_colors_info=\u00bb{}\u00bb][et_pb_column type=\u00bb4_4&#8243; _builder_version=\u00bb4.16&#8243; _module_preset=\u00bbdefault\u00bb global_colors_info=\u00bb{}\u00bb][et_pb_text _builder_version=\u00bb4.27.4&#8243; _module_preset=\u00bbdefault\u00bb text_font=\u00bb|700|||||||\u00bb header_4_font=\u00bb&#8211;et_global_heading_font||||||||\u00bb custom_margin=\u00bb||0px||false|false\u00bb global_colors_info=\u00bb{}\u00bb]<\/p>\n<h3>El Sistema Participativo de Garant\u00edas es la base para llevar a cabo el trabajo de EHKOlektiboa.<\/h3>\n<p>[\/et_pb_text][\/et_pb_column][\/et_pb_row][et_pb_row column_structure=\u00bb1_2,1_2&#8243; _builder_version=\u00bb4.27.4&#8243; _module_preset=\u00bbdefault\u00bb custom_padding=\u00bb||||false|false\u00bb global_colors_info=\u00bb{}\u00bb][et_pb_column type=\u00bb1_2&#8243; _builder_version=\u00bb4.16&#8243; _module_preset=\u00bbdefault\u00bb custom_padding_tablet=\u00bb||45px||false|false\u00bb custom_padding_phone=\u00bb||45px||false|false\u00bb custom_padding_last_edited=\u00bbon|tablet\u00bb global_colors_info=\u00bb{}\u00bb][et_pb_team_member name=\u00bbCaser\u00edos y granjas a escala humana\u00bb icon_color=\u00bb#000000&#8243; admin_label=\u00bbTeam Style 5&#8243; module_class=\u00bbgt-team-5&#8243; _builder_version=\u00bb4.27.4&#8243; _module_preset=\u00bbdefault\u00bb header_level=\u00bbh3&#8243; position_font=\u00bb||||||||\u00bb position_text_color=\u00bb#000000&#8243; position_font_size=\u00bb16px\u00bb custom_margin=\u00bb||16px||false|false\u00bb custom_padding=\u00bb||16px||false|false\u00bb border_width_bottom=\u00bb1px\u00bb global_colors_info=\u00bb{}\u00bb][\/et_pb_team_member][et_pb_text _builder_version=\u00bb4.27.4&#8243; _module_preset=\u00bbdefault\u00bb text_font=\u00bb||||||||\u00bb header_4_font=\u00bb&#8211;et_global_heading_font||||||||\u00bb custom_margin=\u00bb||0px||false|false\u00bb global_colors_info=\u00bb{}\u00bb]<\/p>\n<p>Se basan en la comunidad, centrada en el cuidado y la vida del territorio y de las personas.<\/p>\n<p>[\/et_pb_text][et_pb_team_member name=\u00bbEcol\u00f3gico\u00bb icon_color=\u00bb#000000&#8243; admin_label=\u00bbTeam Style 5&#8243; module_class=\u00bbgt-team-5&#8243; _builder_version=\u00bb4.27.4&#8243; _module_preset=\u00bbdefault\u00bb header_level=\u00bbh3&#8243; position_font=\u00bb||||||||\u00bb position_text_color=\u00bb#000000&#8243; position_font_size=\u00bb16px\u00bb custom_margin=\u00bb||16px||false|false\u00bb custom_padding=\u00bb16px||16px||false|false\u00bb border_width_bottom=\u00bb1px\u00bb global_colors_info=\u00bb{}\u00bb][\/et_pb_team_member][et_pb_text _builder_version=\u00bb4.27.4&#8243; _module_preset=\u00bbdefault\u00bb text_font=\u00bb||||||||\u00bb header_4_font=\u00bb&#8211;et_global_heading_font||||||||\u00bb custom_margin=\u00bb||0px||false|false\u00bb global_colors_info=\u00bb{}\u00bb]<\/p>\n<p>M\u00e1s all\u00e1 de la normativa europea, la producci\u00f3n ecol\u00f3gica se entiende en su sentido m\u00e1s amplio.<\/p>\n<p>[\/et_pb_text][\/et_pb_column][et_pb_column type=\u00bb1_2&#8243; _builder_version=\u00bb4.27.4&#8243; _module_preset=\u00bbdefault\u00bb global_colors_info=\u00bb{}\u00bb][et_pb_team_member name=\u00bbCercano\u00bb icon_color=\u00bb#000000&#8243; admin_label=\u00bbTeam Style 5&#8243; module_class=\u00bbgt-team-5&#8243; _builder_version=\u00bb4.27.4&#8243; _module_preset=\u00bbdefault\u00bb header_level=\u00bbh3&#8243; position_font=\u00bb||||||||\u00bb position_text_color=\u00bb#000000&#8243; position_font_size=\u00bb16px\u00bb custom_margin=\u00bb||16px||false|false\u00bb custom_padding=\u00bb||16px||false|false\u00bb border_width_bottom=\u00bb1px\u00bb global_colors_info=\u00bb{}\u00bb][\/et_pb_team_member][et_pb_text _builder_version=\u00bb4.27.4&#8243; _module_preset=\u00bbdefault\u00bb text_font=\u00bb||||||||\u00bb header_4_font=\u00bb&#8211;et_global_heading_font||||||||\u00bb custom_margin=\u00bb||0px||false|false\u00bb global_colors_info=\u00bb{}\u00bb]<\/p>\n<p>Son granjas que se arraigan y se adaptan al entorno, la sociedad, la cultura y el ecosistema local.<\/p>\n<p>[\/et_pb_text][et_pb_team_member name=\u00bbEconom\u00eda social transformadora\u00bb icon_color=\u00bb#000000&#8243; admin_label=\u00bbTeam Style 5&#8243; module_class=\u00bbgt-team-5&#8243; _builder_version=\u00bb4.27.4&#8243; _module_preset=\u00bbdefault\u00bb header_level=\u00bbh3&#8243; position_font=\u00bb||||||||\u00bb position_text_color=\u00bb#000000&#8243; position_font_size=\u00bb16px\u00bb custom_margin=\u00bb||16px||false|false\u00bb custom_padding=\u00bb16px||16px||false|false\u00bb border_width_bottom=\u00bb1px\u00bb global_colors_info=\u00bb{}\u00bb][\/et_pb_team_member][et_pb_text _builder_version=\u00bb4.27.4&#8243; _module_preset=\u00bbdefault\u00bb text_font=\u00bb||||||||\u00bb header_4_font=\u00bb&#8211;et_global_heading_font||||||||\u00bb custom_margin=\u00bb||0px||false|false\u00bb global_colors_info=\u00bb{}\u00bb]En el intento de acortar lo m\u00e1s posible los ciclos de las redes de alimentaci\u00f3n local, se apuesta por granjas peque\u00f1as y diversas.[\/et_pb_text][\/et_pb_column][\/et_pb_row][\/et_pb_section][et_pb_section fb_built=\u00bb1&#8243; admin_label=\u00bbVideo\u00bb _builder_version=\u00bb4.25.1&#8243; _module_preset=\u00bbdefault\u00bb custom_padding=\u00bb0px||0px||true|false\u00bb collapsed=\u00bbon\u00bb global_colors_info=\u00bb{}\u00bb][et_pb_row _builder_version=\u00bb4.25.1&#8243; _module_preset=\u00bbdefault\u00bb width=\u00bb100%\u00bb max_width=\u00bbnone\u00bb custom_padding=\u00bb0px||0px||true|false\u00bb global_colors_info=\u00bb{}\u00bb][et_pb_column type=\u00bb4_4&#8243; _builder_version=\u00bb4.25.1&#8243; _module_preset=\u00bbdefault\u00bb global_colors_info=\u00bb{}\u00bb][et_pb_video src=\u00bbhttps:\/\/www.youtube.com\/watch?v=vMfQyAEb5Fo&amp;feature=youtu.be\u00bb image_src=\u00bb\/\/i.ytimg.com\/vi\/vMfQyAEb5Fo\/hqdefault.jpg\u00bb font_icon=\u00bbI||divi||400&#8243; thumbnail_overlay_color=\u00bbrgba(0,87,60,0.6)\u00bb _builder_version=\u00bb4.27.4&#8243; _module_preset=\u00bbdefault\u00bb global_colors_info=\u00bb{}\u00bb][\/et_pb_video][\/et_pb_column][\/et_pb_row][\/et_pb_section]<\/p>\n","protected":false},"excerpt":{"rendered":"<p>SPGSistema Participativo de Garant\u00edas,\u2028 una herramienta para identificarnos El Sistema Participativo de Garant\u00edas (SPG) es una herramienta participativa basada en la confianza mutua entre los y las agricultoras, la ciudadan\u00eda y otros agentes sociales para garantizar y comunicar la calidad agroecol\u00f3gica de los alimentos y de los procesos productivos. Es una alternativa popular de control [&hellip;]<\/p>\n","protected":false},"author":2,"featured_media":0,"parent":0,"menu_order":0,"comment_status":"closed","ping_status":"closed","template":"","meta":{"_acf_changed":false,"_et_pb_use_builder":"on","_et_pb_old_content":"","_et_gb_content_width":"","footnotes":""},"class_list":["post-244388","page","type-page","status-publish","hentry"],"acf":[],"yoast_head":"<!-- This site is optimized with the Yoast SEO plugin v26.3 - https:\/\/yoast.com\/wordpress\/plugins\/seo\/ -->\n<title>SPG | EHKOLEKTIBOA<\/title>\n<meta name=\"description\" content=\"Berme Sistema Parte-hartzailea (BSP) laborarien, herritarren eta beste eragile sozialen arteko elkarrekiko konfiantzan oinarritutako erreminta parte-hartzailea da,\" \/>\n<meta name=\"robots\" content=\"index, follow, max-snippet:-1, max-image-preview:large, max-video-preview:-1\" \/>\n<link rel=\"canonical\" href=\"https:\/\/ehkolektiboa.eus\/es\/spg\/\" \/>\n<meta property=\"og:locale\" content=\"es_ES\" \/>\n<meta property=\"og:type\" content=\"article\" \/>\n<meta property=\"og:title\" content=\"SPG | EHKOLEKTIBOA\" \/>\n<meta property=\"og:description\" content=\"Berme Sistema Parte-hartzailea (BSP) laborarien, herritarren eta beste eragile sozialen arteko elkarrekiko konfiantzan oinarritutako erreminta parte-hartzailea da,\" \/>\n<meta property=\"og:url\" content=\"https:\/\/ehkolektiboa.eus\/es\/spg\/\" \/>\n<meta property=\"og:site_name\" content=\"EHKOLEKTIBOA\" \/>\n<meta property=\"article:modified_time\" content=\"2025-11-18T09:23:47+00:00\" \/>\n<meta name=\"twitter:card\" content=\"summary_large_image\" \/>\n<meta name=\"twitter:label1\" content=\"Tiempo de lectura\" \/>\n\t<meta name=\"twitter:data1\" content=\"8 minutos\" \/>\n<script type=\"application\/ld+json\" class=\"yoast-schema-graph\">{\"@context\":\"https:\/\/schema.org\",\"@graph\":[{\"@type\":\"WebPage\",\"@id\":\"https:\/\/ehkolektiboa.eus\/es\/spg\/\",\"url\":\"https:\/\/ehkolektiboa.eus\/es\/spg\/\",\"name\":\"SPG | EHKOLEKTIBOA\",\"isPartOf\":{\"@id\":\"https:\/\/ehkolektiboa.eus\/#website\"},\"datePublished\":\"2025-10-11T09:48:18+00:00\",\"dateModified\":\"2025-11-18T09:23:47+00:00\",\"description\":\"Berme Sistema Parte-hartzailea (BSP) laborarien, herritarren eta beste eragile sozialen arteko elkarrekiko konfiantzan oinarritutako erreminta parte-hartzailea da,\",\"breadcrumb\":{\"@id\":\"https:\/\/ehkolektiboa.eus\/es\/spg\/#breadcrumb\"},\"inLanguage\":\"es\",\"potentialAction\":[{\"@type\":\"ReadAction\",\"target\":[\"https:\/\/ehkolektiboa.eus\/es\/spg\/\"]}]},{\"@type\":\"BreadcrumbList\",\"@id\":\"https:\/\/ehkolektiboa.eus\/es\/spg\/#breadcrumb\",\"itemListElement\":[{\"@type\":\"ListItem\",\"position\":1,\"name\":\"Home\",\"item\":\"https:\/\/ehkolektiboa.eus\/\"},{\"@type\":\"ListItem\",\"position\":2,\"name\":\"SPG\"}]},{\"@type\":\"WebSite\",\"@id\":\"https:\/\/ehkolektiboa.eus\/#website\",\"url\":\"https:\/\/ehkolektiboa.eus\/\",\"name\":\"EHKOLEKTIBOA\",\"description\":\"Agroekologiaren bidean\",\"publisher\":{\"@id\":\"https:\/\/ehkolektiboa.eus\/#organization\"},\"potentialAction\":[{\"@type\":\"SearchAction\",\"target\":{\"@type\":\"EntryPoint\",\"urlTemplate\":\"https:\/\/ehkolektiboa.eus\/?s={search_term_string}\"},\"query-input\":{\"@type\":\"PropertyValueSpecification\",\"valueRequired\":true,\"valueName\":\"search_term_string\"}}],\"inLanguage\":\"es\"},{\"@type\":\"Organization\",\"@id\":\"https:\/\/ehkolektiboa.eus\/#organization\",\"name\":\"EHKOLEKTIBOA\",\"url\":\"https:\/\/ehkolektiboa.eus\/\",\"logo\":{\"@type\":\"ImageObject\",\"inLanguage\":\"es\",\"@id\":\"https:\/\/ehkolektiboa.eus\/#\/schema\/logo\/image\/\",\"url\":\"https:\/\/ehkolektiboa.eus\/wp-content\/uploads\/2025\/10\/EHKOLEKTIBOA_marka.png\",\"contentUrl\":\"https:\/\/ehkolektiboa.eus\/wp-content\/uploads\/2025\/10\/EHKOLEKTIBOA_marka.png\",\"width\":1433,\"height\":319,\"caption\":\"EHKOLEKTIBOA\"},\"image\":{\"@id\":\"https:\/\/ehkolektiboa.eus\/#\/schema\/logo\/image\/\"}}]}<\/script>\n<!-- \/ Yoast SEO plugin. -->","yoast_head_json":{"title":"SPG | EHKOLEKTIBOA","description":"Berme Sistema Parte-hartzailea (BSP) laborarien, herritarren eta beste eragile sozialen arteko elkarrekiko konfiantzan oinarritutako erreminta parte-hartzailea da,","robots":{"index":"index","follow":"follow","max-snippet":"max-snippet:-1","max-image-preview":"max-image-preview:large","max-video-preview":"max-video-preview:-1"},"canonical":"https:\/\/ehkolektiboa.eus\/es\/spg\/","og_locale":"es_ES","og_type":"article","og_title":"SPG | EHKOLEKTIBOA","og_description":"Berme Sistema Parte-hartzailea (BSP) laborarien, herritarren eta beste eragile sozialen arteko elkarrekiko konfiantzan oinarritutako erreminta parte-hartzailea da,","og_url":"https:\/\/ehkolektiboa.eus\/es\/spg\/","og_site_name":"EHKOLEKTIBOA","article_modified_time":"2025-11-18T09:23:47+00:00","twitter_card":"summary_large_image","twitter_misc":{"Tiempo de lectura":"8 minutos"},"schema":{"@context":"https:\/\/schema.org","@graph":[{"@type":"WebPage","@id":"https:\/\/ehkolektiboa.eus\/es\/spg\/","url":"https:\/\/ehkolektiboa.eus\/es\/spg\/","name":"SPG | EHKOLEKTIBOA","isPartOf":{"@id":"https:\/\/ehkolektiboa.eus\/#website"},"datePublished":"2025-10-11T09:48:18+00:00","dateModified":"2025-11-18T09:23:47+00:00","description":"Berme Sistema Parte-hartzailea (BSP) laborarien, herritarren eta beste eragile sozialen arteko elkarrekiko konfiantzan oinarritutako erreminta parte-hartzailea da,","breadcrumb":{"@id":"https:\/\/ehkolektiboa.eus\/es\/spg\/#breadcrumb"},"inLanguage":"es","potentialAction":[{"@type":"ReadAction","target":["https:\/\/ehkolektiboa.eus\/es\/spg\/"]}]},{"@type":"BreadcrumbList","@id":"https:\/\/ehkolektiboa.eus\/es\/spg\/#breadcrumb","itemListElement":[{"@type":"ListItem","position":1,"name":"Home","item":"https:\/\/ehkolektiboa.eus\/"},{"@type":"ListItem","position":2,"name":"SPG"}]},{"@type":"WebSite","@id":"https:\/\/ehkolektiboa.eus\/#website","url":"https:\/\/ehkolektiboa.eus\/","name":"EHKOLEKTIBOA","description":"Agroekologiaren bidean","publisher":{"@id":"https:\/\/ehkolektiboa.eus\/#organization"},"potentialAction":[{"@type":"SearchAction","target":{"@type":"EntryPoint","urlTemplate":"https:\/\/ehkolektiboa.eus\/?s={search_term_string}"},"query-input":{"@type":"PropertyValueSpecification","valueRequired":true,"valueName":"search_term_string"}}],"inLanguage":"es"},{"@type":"Organization","@id":"https:\/\/ehkolektiboa.eus\/#organization","name":"EHKOLEKTIBOA","url":"https:\/\/ehkolektiboa.eus\/","logo":{"@type":"ImageObject","inLanguage":"es","@id":"https:\/\/ehkolektiboa.eus\/#\/schema\/logo\/image\/","url":"https:\/\/ehkolektiboa.eus\/wp-content\/uploads\/2025\/10\/EHKOLEKTIBOA_marka.png","contentUrl":"https:\/\/ehkolektiboa.eus\/wp-content\/uploads\/2025\/10\/EHKOLEKTIBOA_marka.png","width":1433,"height":319,"caption":"EHKOLEKTIBOA"},"image":{"@id":"https:\/\/ehkolektiboa.eus\/#\/schema\/logo\/image\/"}}]}},"_links":{"self":[{"href":"https:\/\/ehkolektiboa.eus\/es\/wp-json\/wp\/v2\/pages\/244388","targetHints":{"allow":["GET"]}}],"collection":[{"href":"https:\/\/ehkolektiboa.eus\/es\/wp-json\/wp\/v2\/pages"}],"about":[{"href":"https:\/\/ehkolektiboa.eus\/es\/wp-json\/wp\/v2\/types\/page"}],"author":[{"embeddable":true,"href":"https:\/\/ehkolektiboa.eus\/es\/wp-json\/wp\/v2\/users\/2"}],"replies":[{"embeddable":true,"href":"https:\/\/ehkolektiboa.eus\/es\/wp-json\/wp\/v2\/comments?post=244388"}],"version-history":[{"count":2,"href":"https:\/\/ehkolektiboa.eus\/es\/wp-json\/wp\/v2\/pages\/244388\/revisions"}],"predecessor-version":[{"id":244390,"href":"https:\/\/ehkolektiboa.eus\/es\/wp-json\/wp\/v2\/pages\/244388\/revisions\/244390"}],"wp:attachment":[{"href":"https:\/\/ehkolektiboa.eus\/es\/wp-json\/wp\/v2\/media?parent=244388"}],"curies":[{"name":"wp","href":"https:\/\/api.w.org\/{rel}","templated":true}]}}