{"id":244320,"date":"2025-10-10T14:24:13","date_gmt":"2025-10-10T12:24:13","guid":{"rendered":"https:\/\/ehkolektiboa.eus\/agroecologie\/"},"modified":"2025-11-17T17:22:59","modified_gmt":"2025-11-17T16:22:59","slug":"agroecologie","status":"publish","type":"page","link":"https:\/\/ehkolektiboa.eus\/fr\/agroecologie\/","title":{"rendered":"Agro\u00e9cologie"},"content":{"rendered":"<p>[et_pb_section fb_built=\u00a0\u00bb1&Prime; admin_label=\u00a0\u00bbHero Section 7&Prime; _builder_version=\u00a0\u00bb4.16&Prime; _module_preset=\u00a0\u00bbdefault\u00a0\u00bb custom_padding=\u00a0\u00bb100px||||false|false\u00a0\u00bb global_colors_info=\u00a0\u00bb{}\u00a0\u00bb][et_pb_row _builder_version=\u00a0\u00bb4.16&Prime; _module_preset=\u00a0\u00bbdefault\u00a0\u00bb global_colors_info=\u00a0\u00bb{}\u00a0\u00bb][et_pb_column type=\u00a0\u00bb4_4&Prime; _builder_version=\u00a0\u00bb4.16&Prime; _module_preset=\u00a0\u00bbdefault\u00a0\u00bb global_colors_info=\u00a0\u00bb{}\u00a0\u00bb][et_pb_text _builder_version=\u00a0\u00bb4.27.4&Prime; _module_preset=\u00a0\u00bbdefault\u00a0\u00bb text_font=\u00a0\u00bb|700|||||||\u00a0\u00bb text_text_color=\u00a0\u00bb#E40128&Prime; custom_margin=\u00a0\u00bb||16px||false|false\u00a0\u00bb global_colors_info=\u00a0\u00bb{}\u00a0\u00bb]<\/p>\n<p><span style=\"color: #000000;\">Agro\u00e9cologie<\/span><\/p>\n<p>[\/et_pb_text][et_pb_text module_class=\u00a0\u00bbgt-heading\u00a0\u00bb _builder_version=\u00a0\u00bb4.27.4&Prime; _module_preset=\u00a0\u00bbdefault\u00a0\u00bb header_font=\u00a0\u00bb&#8211;et_global_heading_font||||||||\u00a0\u00bb global_colors_info=\u00a0\u00bb{}\u00a0\u00bb]<\/p>\n<h1>Cultiver l\u2019agro\u00e9cologie\u2028 <br \/>au Pays Basque<\/h1>\n<p>[\/et_pb_text][et_pb_text _builder_version=\u00a0\u00bb4.27.4&Prime; _module_preset=\u00a0\u00bbdefault\u00a0\u00bb text_font=\u00a0\u00bb|700|||||||\u00a0\u00bb header_3_font=\u00a0\u00bb&#8211;et_global_heading_font||||||||\u00a0\u00bb custom_margin=\u00a0\u00bb||16px||false|false\u00a0\u00bb global_colors_info=\u00a0\u00bb{}\u00a0\u00bb]<\/p>\n<h2>La production alimentaire des derni\u00e8res d\u00e9cennies est devenue l\u2019une des industries les plus puissantes du monde \u2014 une industrie qui ne prend pas soin ni ne respecte l\u2019environnement et la Terre M\u00e8re.<\/h2>\n<p>[\/et_pb_text][et_pb_text _builder_version=\u00a0\u00bb4.27.4&Prime; _module_preset=\u00a0\u00bbdefault\u00a0\u00bb text_line_height=\u00a0\u00bb1.5em\u00a0\u00bb global_colors_info=\u00a0\u00bb{}\u00a0\u00bb]<\/p>\n<p>Les gouvernements ont encourag\u00e9 un mod\u00e8le d\u2019agriculture hautement polluant, dont les r\u00e9sultats sont pr\u00e9occupants : des sols \u00e9puis\u00e9s, une acc\u00e9l\u00e9ration de l\u2019effet de serre, des eaux satur\u00e9es de produits chimiques, la quasi-disparition des fermes familiales, une d\u00e9gradation de la sant\u00e9 publique, etc. Face \u00e0 cette situation, au cours des derni\u00e8res d\u00e9cennies, une alternative concr\u00e8te a \u00e9merg\u00e9 du c\u0153ur m\u00eame de l\u2019agriculture : l\u2019agro\u00e9cologie. Ce concept allie innovation et sagesse ancestrale, en pla\u00e7ant l\u2019\u00e9cologie au centre de l\u2019agriculture.<\/p>\n<p>En 2007-2008, des agriculteurs et agricultrices du Pays Basque avons commenc\u00e9 \u00e0 r\u00e9fl\u00e9chir \u00e0 l\u2019avenir de la production \u00e9cologique : la petite agriculture biologique \u00ab de toujours \u00bb allait-elle \u00eatre absorb\u00e9e par la bio-industrie (comme la r\u00e9volution verte l\u2019avait fait avec les petits paysans de notre territoire), jusqu\u2019\u00e0 faire dispara\u00eetre une certaine mani\u00e8re de concevoir l\u2019agriculture ?<\/p>\n<p>Depuis lors, les agroproducteurs et agroproductrices du Pays Basque travaillons \u00e0 la d\u00e9finition et \u00e0 l\u2019identification du mod\u00e8le agro\u00e9cologique. L\u2019agro\u00e9cologie n\u2019est pas une destination : c\u2019est le chemin m\u00eame pour reconstruire une relation \u00e9quilibr\u00e9e entre les communaut\u00e9s vivantes et la terre fertile. L\u2019agro\u00e9cologie ne concerne pas seulement la fa\u00e7on dont nous produisons, mais aussi la fa\u00e7on dont nous voulons vivre. Ce qui compte, c\u2019est donc la transformation continue des fermes et des exploitations (et de la soci\u00e9t\u00e9) sous la lumi\u00e8re de l\u2019agro\u00e9cologie comme guide.<\/p>\n<p>[\/et_pb_text][\/et_pb_column][\/et_pb_row][\/et_pb_section][et_pb_section fb_built=\u00a0\u00bb1&Prime; admin_label=\u00a0\u00bbContent Section 3&Prime; _builder_version=\u00a0\u00bb4.27.4&Prime; _module_preset=\u00a0\u00bbdefault\u00a0\u00bb background_image=\u00a0\u00bbhttps:\/\/ehkolektiboa.eus\/wp-content\/uploads\/2025\/10\/ehko_2032.jpg\u00a0\u00bb parallax=\u00a0\u00bbon\u00a0\u00bb parallax_method=\u00a0\u00bboff\u00a0\u00bb min_height=\u00a0\u00bb80vh\u00a0\u00bb global_colors_info=\u00a0\u00bb{}\u00a0\u00bb][et_pb_row _builder_version=\u00a0\u00bb4.16&Prime; _module_preset=\u00a0\u00bbdefault\u00a0\u00bb global_colors_info=\u00a0\u00bb{}\u00a0\u00bb][et_pb_column type=\u00a0\u00bb4_4&Prime; _builder_version=\u00a0\u00bb4.16&Prime; _module_preset=\u00a0\u00bbdefault\u00a0\u00bb global_colors_info=\u00a0\u00bb{}\u00a0\u00bb][\/et_pb_column][\/et_pb_row][\/et_pb_section][et_pb_section fb_built=\u00a0\u00bb1&Prime; admin_label=\u00a0\u00bbContent Section 16&Prime; _builder_version=\u00a0\u00bb4.27.4&Prime; _module_preset=\u00a0\u00bbdefault\u00a0\u00bb hover_enabled=\u00a0\u00bb0&Prime; global_colors_info=\u00a0\u00bb{}\u00a0\u00bb sticky_enabled=\u00a0\u00bb0&Prime;][et_pb_row _builder_version=\u00a0\u00bb4.16&Prime; _module_preset=\u00a0\u00bbdefault\u00a0\u00bb global_colors_info=\u00a0\u00bb{}\u00a0\u00bb][et_pb_column type=\u00a0\u00bb4_4&Prime; _builder_version=\u00a0\u00bb4.16&Prime; _module_preset=\u00a0\u00bbdefault\u00a0\u00bb global_colors_info=\u00a0\u00bb{}\u00a0\u00bb][et_pb_text _builder_version=\u00a0\u00bb4.27.4&Prime; _module_preset=\u00a0\u00bbdefault\u00a0\u00bb text_font=\u00a0\u00bb|700|||||||\u00a0\u00bb text_text_color=\u00a0\u00bb#E40128&Prime; custom_margin=\u00a0\u00bb||16px||false|false\u00a0\u00bb global_colors_info=\u00a0\u00bb{}\u00a0\u00bb]<\/p>\n<p><span style=\"color: #000000;\">Agro\u00e9cologie<\/span><\/p>\n<p>[\/et_pb_text][et_pb_text module_class=\u00a0\u00bbgt-heading\u00a0\u00bb _builder_version=\u00a0\u00bb4.27.4&Prime; _module_preset=\u00a0\u00bbdefault\u00a0\u00bb header_font=\u00a0\u00bb&#8211;et_global_heading_font||||||||\u00a0\u00bb global_colors_info=\u00a0\u00bb{}\u00a0\u00bb]<\/p>\n<h1>De quelle mani\u00e8re les fermes et les exploitations contribuent-elles \u00e0 l\u2019agro\u00e9cologie ?<\/h1>\n<p>[\/et_pb_text][\/et_pb_column][\/et_pb_row][et_pb_row column_structure=\u00a0\u00bb1_2,1_2&Prime; _builder_version=\u00a0\u00bb4.16&Prime; _module_preset=\u00a0\u00bbdefault\u00a0\u00bb global_colors_info=\u00a0\u00bb{}\u00a0\u00bb][et_pb_column type=\u00a0\u00bb1_2&Prime; _builder_version=\u00a0\u00bb4.27.4&Prime; _module_preset=\u00a0\u00bbdefault\u00a0\u00bb global_colors_info=\u00a0\u00bb{}\u00a0\u00bb][et_pb_image src=\u00a0\u00bbhttps:\/\/ehkolektiboa.eus\/wp-content\/uploads\/2025\/10\/ehko_2017.jpg\u00a0\u00bb title_text=\u00a0\u00bbehko_2017&Prime; show_bottom_space=\u00a0\u00bboff\u00a0\u00bb _builder_version=\u00a0\u00bb4.27.4&Prime; _module_preset=\u00a0\u00bbdefault\u00a0\u00bb border_radii=\u00a0\u00bbon|120px|120px|120px|120px\u00a0\u00bb border_radii_tablet=\u00a0\u00bbon|120px|120px|120px|120px\u00a0\u00bb border_radii_phone=\u00a0\u00bbon|100px|100px|100px|100px\u00a0\u00bb border_radii_last_edited=\u00a0\u00bbon|phone\u00a0\u00bb global_colors_info=\u00a0\u00bb{}\u00a0\u00bb][\/et_pb_image][\/et_pb_column][et_pb_column type=\u00a0\u00bb1_2&Prime; _builder_version=\u00a0\u00bb4.27.4&Prime; _module_preset=\u00a0\u00bbdefault\u00a0\u00bb global_colors_info=\u00a0\u00bb{}\u00a0\u00bb][et_pb_blurb title=\u00a0\u00bbLes fermes sont adapt\u00e9es \u00e0 leur territoire, enracin\u00e9es dans la terre et travaillent en harmonie avec la nature.\u00a0\u00bb use_icon=\u00a0\u00bbon\u00a0\u00bb font_icon=\u00a0\u00bb&#x35;||divi||400&Prime; icon_color=\u00a0\u00bb#00573C\u00a0\u00bb icon_placement=\u00a0\u00bbleft\u00a0\u00bb image_icon_width=\u00a0\u00bb45px\u00a0\u00bb admin_label=\u00a0\u00bbBlurb Style 3&Prime; module_class=\u00a0\u00bbgt-blurb-3&Prime; _builder_version=\u00a0\u00bb4.27.4&Prime; _module_preset=\u00a0\u00bbdefault\u00a0\u00bb header_level=\u00a0\u00bbh3&Prime; image_icon_custom_margin=\u00a0\u00bb||||false|false\u00a0\u00bb image_icon_custom_padding=\u00a0\u00bb||||false|false\u00a0\u00bb custom_margin=\u00a0\u00bb||0px||false|false\u00a0\u00bb custom_padding=\u00a0\u00bb||||false|false\u00a0\u00bb hover_enabled=\u00a0\u00bb0&Prime; global_colors_info=\u00a0\u00bb{}\u00a0\u00bb sticky_enabled=\u00a0\u00bb0&Prime;][\/et_pb_blurb][et_pb_blurb title=\u00a0\u00bbLeur activit\u00e9 a un objectif qui va au-del\u00e0 du profit : elles sont aussi gardiennes du patrimoine bioculturel.\u00a0\u00bb use_icon=\u00a0\u00bbon\u00a0\u00bb font_icon=\u00a0\u00bb&#x35;||divi||400&Prime; icon_color=\u00a0\u00bb#00573C\u00a0\u00bb icon_placement=\u00a0\u00bbleft\u00a0\u00bb image_icon_width=\u00a0\u00bb45px\u00a0\u00bb admin_label=\u00a0\u00bbBlurb Style 3&Prime; module_class=\u00a0\u00bbgt-blurb-3&Prime; _builder_version=\u00a0\u00bb4.27.4&Prime; _module_preset=\u00a0\u00bbdefault\u00a0\u00bb header_level=\u00a0\u00bbh3&Prime; image_icon_custom_margin=\u00a0\u00bb||||false|false\u00a0\u00bb image_icon_custom_padding=\u00a0\u00bb||||false|false\u00a0\u00bb custom_margin=\u00a0\u00bb||0px||false|false\u00a0\u00bb custom_padding=\u00a0\u00bb||||false|false\u00a0\u00bb global_colors_info=\u00a0\u00bb{}\u00a0\u00bb][\/et_pb_blurb][et_pb_blurb title=\u00a0\u00bbLes savoirs, m\u00fbris de g\u00e9n\u00e9ration en g\u00e9n\u00e9ration, se transmettent au sein du r\u00e9seau d\u2019agriculteurs locaux, tout en int\u00e9grant diverses innovations.\u00a0\u00bb use_icon=\u00a0\u00bbon\u00a0\u00bb font_icon=\u00a0\u00bb&#x35;||divi||400&Prime; icon_color=\u00a0\u00bb#00573C\u00a0\u00bb icon_placement=\u00a0\u00bbleft\u00a0\u00bb image_icon_width=\u00a0\u00bb45px\u00a0\u00bb admin_label=\u00a0\u00bbBlurb Style 3&Prime; module_class=\u00a0\u00bbgt-blurb-3&Prime; _builder_version=\u00a0\u00bb4.27.4&Prime; _module_preset=\u00a0\u00bbdefault\u00a0\u00bb header_level=\u00a0\u00bbh3&Prime; image_icon_custom_margin=\u00a0\u00bb||||false|false\u00a0\u00bb image_icon_custom_padding=\u00a0\u00bb||||false|false\u00a0\u00bb custom_margin=\u00a0\u00bb||0px||false|false\u00a0\u00bb custom_padding=\u00a0\u00bb||||false|false\u00a0\u00bb global_colors_info=\u00a0\u00bb{}\u00a0\u00bb][\/et_pb_blurb][et_pb_image src=\u00a0\u00bbhttps:\/\/ehkolektiboa.eus\/wp-content\/uploads\/2025\/10\/ehko_2031.jpg\u00a0\u00bb title_text=\u00a0\u00bbPr\u00e9sentations de l&#039;Agro\u00e9cologie et d&#039;EHKOlektiboa en Navarre\u00a0\u00bb show_bottom_space=\u00a0\u00bboff\u00a0\u00bb _builder_version=\u00a0\u00bb4.27.4&Prime; _module_preset=\u00a0\u00bbdefault\u00a0\u00bb custom_margin=\u00a0\u00bb80px||||false|false\u00a0\u00bb border_radii=\u00a0\u00bbon|100px|100px|100px|100px\u00a0\u00bb border_radii_tablet=\u00a0\u00bbon|100px|100px|100px|100px\u00a0\u00bb border_radii_phone=\u00a0\u00bbon|50px|50px|50px|50px\u00a0\u00bb border_radii_last_edited=\u00a0\u00bbon|phone\u00a0\u00bb global_colors_info=\u00a0\u00bb{}\u00a0\u00bb][\/et_pb_image][\/et_pb_column][\/et_pb_row][et_pb_row column_structure=\u00a0\u00bb1_2,1_2&Prime; _builder_version=\u00a0\u00bb4.27.4&Prime; _module_preset=\u00a0\u00bbdefault\u00a0\u00bb hover_enabled=\u00a0\u00bb0&Prime; global_colors_info=\u00a0\u00bb{}\u00a0\u00bb sticky_enabled=\u00a0\u00bb0&Prime; custom_margin=\u00a0\u00bb||4vh||false|false\u00a0\u00bb custom_margin_last_edited=\u00a0\u00bbon|phone\u00a0\u00bb custom_margin_tablet=\u00a0\u00bb||4vh||false|false\u00a0\u00bb custom_margin_phone=\u00a0\u00bb||4vh||false|false\u00a0\u00bb][et_pb_column type=\u00a0\u00bb1_2&Prime; _builder_version=\u00a0\u00bb4.16&Prime; _module_preset=\u00a0\u00bbdefault\u00a0\u00bb global_colors_info=\u00a0\u00bb{}\u00a0\u00bb][et_pb_blurb title=\u00a0\u00bbLes femmes jouent de multiples r\u00f4les dans les projets de production.\u00a0\u00bb use_icon=\u00a0\u00bbon\u00a0\u00bb font_icon=\u00a0\u00bb&#x35;||divi||400&Prime; icon_color=\u00a0\u00bb#00573C\u00a0\u00bb icon_placement=\u00a0\u00bbleft\u00a0\u00bb image_icon_width=\u00a0\u00bb45px\u00a0\u00bb admin_label=\u00a0\u00bbBlurb Style 3&Prime; module_class=\u00a0\u00bbgt-blurb-3&Prime; _builder_version=\u00a0\u00bb4.27.4&Prime; _module_preset=\u00a0\u00bbdefault\u00a0\u00bb header_level=\u00a0\u00bbh3&Prime; image_icon_custom_margin=\u00a0\u00bb||||false|false\u00a0\u00bb image_icon_custom_padding=\u00a0\u00bb||||false|false\u00a0\u00bb custom_margin=\u00a0\u00bb||||false|false\u00a0\u00bb custom_padding=\u00a0\u00bb||||false|false\u00a0\u00bb hover_enabled=\u00a0\u00bb0&Prime; global_colors_info=\u00a0\u00bb{}\u00a0\u00bb sticky_enabled=\u00a0\u00bb0&Prime; header_font_last_edited=\u00a0\u00bbon|tablet\u00a0\u00bb][\/et_pb_blurb][et_pb_blurb title=\u00a0\u00bbIl existe une d\u00e9pendance relative vis-\u00e0-vis des aides li\u00e9es \u00e0 l\u2019activit\u00e9 agricole, bien que les fermes garantissent une s\u00e9rie de b\u00e9n\u00e9fices \u00e9cologiques et sociaux.\u00a0\u00bb use_icon=\u00a0\u00bbon\u00a0\u00bb font_icon=\u00a0\u00bb&#x35;||divi||400&Prime; icon_color=\u00a0\u00bb#00573C\u00a0\u00bb icon_placement=\u00a0\u00bbleft\u00a0\u00bb image_icon_width=\u00a0\u00bb45px\u00a0\u00bb admin_label=\u00a0\u00bbBlurb Style 3&Prime; module_class=\u00a0\u00bbgt-blurb-3&Prime; _builder_version=\u00a0\u00bb4.27.4&Prime; _module_preset=\u00a0\u00bbdefault\u00a0\u00bb header_level=\u00a0\u00bbh3&Prime; image_icon_custom_margin=\u00a0\u00bb||||false|false\u00a0\u00bb image_icon_custom_padding=\u00a0\u00bb||||false|false\u00a0\u00bb custom_margin=\u00a0\u00bb||0px||false|false\u00a0\u00bb custom_padding=\u00a0\u00bb||||false|false\u00a0\u00bb global_colors_info=\u00a0\u00bb{}\u00a0\u00bb][\/et_pb_blurb][et_pb_blurb title=\u00a0\u00bbLes circuits de vente reposent sur des r\u00e9seaux de relations citoyennes \u2014 un tissu communautaire qui fonctionne gr\u00e2ce \u00e0 l\u2019engagement mutuel.\u00a0\u00bb use_icon=\u00a0\u00bbon\u00a0\u00bb font_icon=\u00a0\u00bb&#x35;||divi||400&Prime; icon_color=\u00a0\u00bb#00573C\u00a0\u00bb icon_placement=\u00a0\u00bbleft\u00a0\u00bb image_icon_width=\u00a0\u00bb45px\u00a0\u00bb admin_label=\u00a0\u00bbBlurb Style 3&Prime; module_class=\u00a0\u00bbgt-blurb-3&Prime; _builder_version=\u00a0\u00bb4.27.4&Prime; _module_preset=\u00a0\u00bbdefault\u00a0\u00bb header_level=\u00a0\u00bbh3&Prime; image_icon_custom_margin=\u00a0\u00bb||||false|false\u00a0\u00bb image_icon_custom_padding=\u00a0\u00bb||||false|false\u00a0\u00bb custom_margin=\u00a0\u00bb||0px||false|false\u00a0\u00bb custom_padding=\u00a0\u00bb||||false|false\u00a0\u00bb global_colors_info=\u00a0\u00bb{}\u00a0\u00bb][\/et_pb_blurb][et_pb_blurb title=\u00a0\u00bbLa durabilit\u00e9 de la ferme d\u00e9pend de la capacit\u00e9 d\u2019ancrage des r\u00e9seaux alimentaires locaux dans leur territoire.\u00a0\u00bb use_icon=\u00a0\u00bbon\u00a0\u00bb font_icon=\u00a0\u00bb&#x35;||divi||400&Prime; icon_color=\u00a0\u00bb#00573C\u00a0\u00bb icon_placement=\u00a0\u00bbleft\u00a0\u00bb image_icon_width=\u00a0\u00bb45px\u00a0\u00bb admin_label=\u00a0\u00bbBlurb Style 3&Prime; module_class=\u00a0\u00bbgt-blurb-3&Prime; _builder_version=\u00a0\u00bb4.27.4&Prime; _module_preset=\u00a0\u00bbdefault\u00a0\u00bb header_level=\u00a0\u00bbh3&Prime; image_icon_custom_margin=\u00a0\u00bb||||false|false\u00a0\u00bb image_icon_custom_padding=\u00a0\u00bb||||false|false\u00a0\u00bb custom_margin=\u00a0\u00bb||0px||false|false\u00a0\u00bb custom_padding=\u00a0\u00bb||||false|false\u00a0\u00bb global_colors_info=\u00a0\u00bb{}\u00a0\u00bb][\/et_pb_blurb][\/et_pb_column][et_pb_column type=\u00a0\u00bb1_2&Prime; _builder_version=\u00a0\u00bb4.27.4&Prime; _module_preset=\u00a0\u00bbdefault\u00a0\u00bb hover_enabled=\u00a0\u00bb0&Prime; global_colors_info=\u00a0\u00bb{}\u00a0\u00bb sticky_enabled=\u00a0\u00bb0&Prime;][et_pb_image src=\u00a0\u00bbhttps:\/\/ehkolektiboa.eus\/wp-content\/uploads\/2025\/10\/olatxuko-laboreak-produktoa-1-1024&#215;768.jpeg\u00a0\u00bb title_text=\u00a0\u00bbProduits des cultures d&#039;Olatxu\u00a0\u00bb show_bottom_space=\u00a0\u00bboff\u00a0\u00bb _builder_version=\u00a0\u00bb4.27.4&Prime; _module_preset=\u00a0\u00bbdefault\u00a0\u00bb custom_margin=\u00a0\u00bb||||false|false\u00a0\u00bb hover_enabled=\u00a0\u00bb0&Prime; border_radii=\u00a0\u00bbon|100px|100px|100px|100px\u00a0\u00bb border_radii_tablet=\u00a0\u00bbon|100px|100px|100px|100px\u00a0\u00bb border_radii_phone=\u00a0\u00bbon|50px|50px|50px|50px\u00a0\u00bb border_radii_last_edited=\u00a0\u00bbon|phone\u00a0\u00bb global_colors_info=\u00a0\u00bb{}\u00a0\u00bb sticky_enabled=\u00a0\u00bb0&Prime;][\/et_pb_image][\/et_pb_column][\/et_pb_row][\/et_pb_section]<\/p>\n","protected":false},"excerpt":{"rendered":"<p>Agro\u00e9cologieCultiver l\u2019agro\u00e9cologie\u2028 au Pays BasqueLa production alimentaire des derni\u00e8res d\u00e9cennies est devenue l\u2019une des industries les plus puissantes du monde \u2014 une industrie qui ne prend pas soin ni ne respecte l\u2019environnement et la Terre M\u00e8re.Les gouvernements ont encourag\u00e9 un mod\u00e8le d\u2019agriculture hautement polluant, dont les r\u00e9sultats sont pr\u00e9occupants : des sols \u00e9puis\u00e9s, une acc\u00e9l\u00e9ration [&hellip;]<\/p>\n","protected":false},"author":2,"featured_media":0,"parent":0,"menu_order":0,"comment_status":"closed","ping_status":"closed","template":"","meta":{"_acf_changed":false,"_et_pb_use_builder":"on","_et_pb_old_content":"","_et_gb_content_width":"","footnotes":""},"class_list":["post-244320","page","type-page","status-publish","hentry"],"acf":[],"yoast_head":"<!-- This site is optimized with the Yoast SEO plugin v26.3 - https:\/\/yoast.com\/wordpress\/plugins\/seo\/ -->\n<title>Agro\u00e9cologie | EHKOLEKTIBOA<\/title>\n<meta name=\"description\" content=\"Cultiver l\u2019agro\u00e9cologie\u2028au Pays Basque La production alimentaire des derni\u00e8res d\u00e9cennies est devenue l\u2019une des industries les plus puissantes du monde \u2014 une industrie qui ne prend pas soin ni ne respecte l\u2019environnement et la Terre M\u00e8re.\" \/>\n<meta name=\"robots\" content=\"index, follow, max-snippet:-1, max-image-preview:large, max-video-preview:-1\" \/>\n<link rel=\"canonical\" href=\"https:\/\/ehkolektiboa.eus\/fr\/agroecologie\/\" \/>\n<meta property=\"og:locale\" content=\"fr_FR\" \/>\n<meta property=\"og:type\" content=\"article\" \/>\n<meta property=\"og:title\" content=\"Agro\u00e9cologie | EHKOLEKTIBOA\" \/>\n<meta property=\"og:description\" content=\"Cultiver l\u2019agro\u00e9cologie\u2028au Pays Basque La production alimentaire des derni\u00e8res d\u00e9cennies est devenue l\u2019une des industries les plus puissantes du monde \u2014 une industrie qui ne prend pas soin ni ne respecte l\u2019environnement et la Terre M\u00e8re.\" \/>\n<meta property=\"og:url\" content=\"https:\/\/ehkolektiboa.eus\/fr\/agroecologie\/\" \/>\n<meta property=\"og:site_name\" content=\"EHKOLEKTIBOA\" \/>\n<meta property=\"article:modified_time\" content=\"2025-11-17T16:22:59+00:00\" \/>\n<meta name=\"twitter:card\" content=\"summary_large_image\" \/>\n<meta name=\"twitter:label1\" content=\"Dur\u00e9e de lecture estim\u00e9e\" \/>\n\t<meta name=\"twitter:data1\" content=\"8 minutes\" \/>\n<script type=\"application\/ld+json\" class=\"yoast-schema-graph\">{\"@context\":\"https:\/\/schema.org\",\"@graph\":[{\"@type\":\"WebPage\",\"@id\":\"https:\/\/ehkolektiboa.eus\/fr\/agroecologie\/\",\"url\":\"https:\/\/ehkolektiboa.eus\/fr\/agroecologie\/\",\"name\":\"Agro\u00e9cologie | EHKOLEKTIBOA\",\"isPartOf\":{\"@id\":\"https:\/\/ehkolektiboa.eus\/#website\"},\"datePublished\":\"2025-10-10T12:24:13+00:00\",\"dateModified\":\"2025-11-17T16:22:59+00:00\",\"description\":\"Cultiver l\u2019agro\u00e9cologie\\u2028au Pays Basque La production alimentaire des derni\u00e8res d\u00e9cennies est devenue l\u2019une des industries les plus puissantes du monde \u2014 une industrie qui ne prend pas soin ni ne respecte l\u2019environnement et la Terre M\u00e8re.\",\"breadcrumb\":{\"@id\":\"https:\/\/ehkolektiboa.eus\/fr\/agroecologie\/#breadcrumb\"},\"inLanguage\":\"fr-FR\",\"potentialAction\":[{\"@type\":\"ReadAction\",\"target\":[\"https:\/\/ehkolektiboa.eus\/fr\/agroecologie\/\"]}]},{\"@type\":\"BreadcrumbList\",\"@id\":\"https:\/\/ehkolektiboa.eus\/fr\/agroecologie\/#breadcrumb\",\"itemListElement\":[{\"@type\":\"ListItem\",\"position\":1,\"name\":\"Home\",\"item\":\"https:\/\/ehkolektiboa.eus\/fr\/\"},{\"@type\":\"ListItem\",\"position\":2,\"name\":\"Agro\u00e9cologie\"}]},{\"@type\":\"WebSite\",\"@id\":\"https:\/\/ehkolektiboa.eus\/#website\",\"url\":\"https:\/\/ehkolektiboa.eus\/\",\"name\":\"EHKOLEKTIBOA\",\"description\":\"Agroekologiaren bidean\",\"publisher\":{\"@id\":\"https:\/\/ehkolektiboa.eus\/#organization\"},\"potentialAction\":[{\"@type\":\"SearchAction\",\"target\":{\"@type\":\"EntryPoint\",\"urlTemplate\":\"https:\/\/ehkolektiboa.eus\/?s={search_term_string}\"},\"query-input\":{\"@type\":\"PropertyValueSpecification\",\"valueRequired\":true,\"valueName\":\"search_term_string\"}}],\"inLanguage\":\"fr-FR\"},{\"@type\":\"Organization\",\"@id\":\"https:\/\/ehkolektiboa.eus\/#organization\",\"name\":\"EHKOLEKTIBOA\",\"url\":\"https:\/\/ehkolektiboa.eus\/\",\"logo\":{\"@type\":\"ImageObject\",\"inLanguage\":\"fr-FR\",\"@id\":\"https:\/\/ehkolektiboa.eus\/#\/schema\/logo\/image\/\",\"url\":\"https:\/\/ehkolektiboa.eus\/wp-content\/uploads\/2025\/10\/EHKOLEKTIBOA_marka.png\",\"contentUrl\":\"https:\/\/ehkolektiboa.eus\/wp-content\/uploads\/2025\/10\/EHKOLEKTIBOA_marka.png\",\"width\":1433,\"height\":319,\"caption\":\"EHKOLEKTIBOA\"},\"image\":{\"@id\":\"https:\/\/ehkolektiboa.eus\/#\/schema\/logo\/image\/\"}}]}<\/script>\n<!-- \/ Yoast SEO plugin. -->","yoast_head_json":{"title":"Agro\u00e9cologie | EHKOLEKTIBOA","description":"Cultiver l\u2019agro\u00e9cologie\u2028au Pays Basque La production alimentaire des derni\u00e8res d\u00e9cennies est devenue l\u2019une des industries les plus puissantes du monde \u2014 une industrie qui ne prend pas soin ni ne respecte l\u2019environnement et la Terre M\u00e8re.","robots":{"index":"index","follow":"follow","max-snippet":"max-snippet:-1","max-image-preview":"max-image-preview:large","max-video-preview":"max-video-preview:-1"},"canonical":"https:\/\/ehkolektiboa.eus\/fr\/agroecologie\/","og_locale":"fr_FR","og_type":"article","og_title":"Agro\u00e9cologie | EHKOLEKTIBOA","og_description":"Cultiver l\u2019agro\u00e9cologie\u2028au Pays Basque La production alimentaire des derni\u00e8res d\u00e9cennies est devenue l\u2019une des industries les plus puissantes du monde \u2014 une industrie qui ne prend pas soin ni ne respecte l\u2019environnement et la Terre M\u00e8re.","og_url":"https:\/\/ehkolektiboa.eus\/fr\/agroecologie\/","og_site_name":"EHKOLEKTIBOA","article_modified_time":"2025-11-17T16:22:59+00:00","twitter_card":"summary_large_image","twitter_misc":{"Dur\u00e9e de lecture estim\u00e9e":"8 minutes"},"schema":{"@context":"https:\/\/schema.org","@graph":[{"@type":"WebPage","@id":"https:\/\/ehkolektiboa.eus\/fr\/agroecologie\/","url":"https:\/\/ehkolektiboa.eus\/fr\/agroecologie\/","name":"Agro\u00e9cologie | EHKOLEKTIBOA","isPartOf":{"@id":"https:\/\/ehkolektiboa.eus\/#website"},"datePublished":"2025-10-10T12:24:13+00:00","dateModified":"2025-11-17T16:22:59+00:00","description":"Cultiver l\u2019agro\u00e9cologie\u2028au Pays Basque La production alimentaire des derni\u00e8res d\u00e9cennies est devenue l\u2019une des industries les plus puissantes du monde \u2014 une industrie qui ne prend pas soin ni ne respecte l\u2019environnement et la Terre M\u00e8re.","breadcrumb":{"@id":"https:\/\/ehkolektiboa.eus\/fr\/agroecologie\/#breadcrumb"},"inLanguage":"fr-FR","potentialAction":[{"@type":"ReadAction","target":["https:\/\/ehkolektiboa.eus\/fr\/agroecologie\/"]}]},{"@type":"BreadcrumbList","@id":"https:\/\/ehkolektiboa.eus\/fr\/agroecologie\/#breadcrumb","itemListElement":[{"@type":"ListItem","position":1,"name":"Home","item":"https:\/\/ehkolektiboa.eus\/fr\/"},{"@type":"ListItem","position":2,"name":"Agro\u00e9cologie"}]},{"@type":"WebSite","@id":"https:\/\/ehkolektiboa.eus\/#website","url":"https:\/\/ehkolektiboa.eus\/","name":"EHKOLEKTIBOA","description":"Agroekologiaren bidean","publisher":{"@id":"https:\/\/ehkolektiboa.eus\/#organization"},"potentialAction":[{"@type":"SearchAction","target":{"@type":"EntryPoint","urlTemplate":"https:\/\/ehkolektiboa.eus\/?s={search_term_string}"},"query-input":{"@type":"PropertyValueSpecification","valueRequired":true,"valueName":"search_term_string"}}],"inLanguage":"fr-FR"},{"@type":"Organization","@id":"https:\/\/ehkolektiboa.eus\/#organization","name":"EHKOLEKTIBOA","url":"https:\/\/ehkolektiboa.eus\/","logo":{"@type":"ImageObject","inLanguage":"fr-FR","@id":"https:\/\/ehkolektiboa.eus\/#\/schema\/logo\/image\/","url":"https:\/\/ehkolektiboa.eus\/wp-content\/uploads\/2025\/10\/EHKOLEKTIBOA_marka.png","contentUrl":"https:\/\/ehkolektiboa.eus\/wp-content\/uploads\/2025\/10\/EHKOLEKTIBOA_marka.png","width":1433,"height":319,"caption":"EHKOLEKTIBOA"},"image":{"@id":"https:\/\/ehkolektiboa.eus\/#\/schema\/logo\/image\/"}}]}},"_links":{"self":[{"href":"https:\/\/ehkolektiboa.eus\/fr\/wp-json\/wp\/v2\/pages\/244320","targetHints":{"allow":["GET"]}}],"collection":[{"href":"https:\/\/ehkolektiboa.eus\/fr\/wp-json\/wp\/v2\/pages"}],"about":[{"href":"https:\/\/ehkolektiboa.eus\/fr\/wp-json\/wp\/v2\/types\/page"}],"author":[{"embeddable":true,"href":"https:\/\/ehkolektiboa.eus\/fr\/wp-json\/wp\/v2\/users\/2"}],"replies":[{"embeddable":true,"href":"https:\/\/ehkolektiboa.eus\/fr\/wp-json\/wp\/v2\/comments?post=244320"}],"version-history":[{"count":5,"href":"https:\/\/ehkolektiboa.eus\/fr\/wp-json\/wp\/v2\/pages\/244320\/revisions"}],"predecessor-version":[{"id":244354,"href":"https:\/\/ehkolektiboa.eus\/fr\/wp-json\/wp\/v2\/pages\/244320\/revisions\/244354"}],"wp:attachment":[{"href":"https:\/\/ehkolektiboa.eus\/fr\/wp-json\/wp\/v2\/media?parent=244320"}],"curies":[{"name":"wp","href":"https:\/\/api.w.org\/{rel}","templated":true}]}}