{"id":244326,"date":"2022-02-19T16:35:25","date_gmt":"2022-02-19T15:35:25","guid":{"rendered":"https:\/\/ehkolektiboa.eus\/actualites\/"},"modified":"2025-11-18T10:27:25","modified_gmt":"2025-11-18T09:27:25","slug":"actualites","status":"publish","type":"page","link":"https:\/\/ehkolektiboa.eus\/fr\/actualites\/","title":{"rendered":"Actualit\u00e9s"},"content":{"rendered":"<p>[et_pb_section fb_built=\u00a0\u00bb1&Prime; _builder_version=\u00a0\u00bb4.16&Prime; _module_preset=\u00a0\u00bbdefault\u00a0\u00bb custom_padding=\u00a0\u00bb100px||||false|false\u00a0\u00bb global_colors_info=\u00a0\u00bb{}\u00a0\u00bb][et_pb_row _builder_version=\u00a0\u00bb4.16&Prime; _module_preset=\u00a0\u00bbdefault\u00a0\u00bb global_colors_info=\u00a0\u00bb{}\u00a0\u00bb][et_pb_column type=\u00a0\u00bb4_4&Prime; _builder_version=\u00a0\u00bb4.16&Prime; _module_preset=\u00a0\u00bbdefault\u00a0\u00bb global_colors_info=\u00a0\u00bb{}\u00a0\u00bb][et_pb_text module_class=\u00a0\u00bbgt-heading\u00a0\u00bb _builder_version=\u00a0\u00bb4.27.4&Prime; _module_preset=\u00a0\u00bbdefault\u00a0\u00bb global_colors_info=\u00a0\u00bb{}\u00a0\u00bb]<\/p>\n<h1>Actualit\u00e9s<\/h1>\n<p>[\/et_pb_text][\/et_pb_column][\/et_pb_row][\/et_pb_section][et_pb_section fb_built=\u00a0\u00bb1&Prime; _builder_version=\u00a0\u00bb4.27.4&Prime; _module_preset=\u00a0\u00bbdefault\u00a0\u00bb hover_enabled=\u00a0\u00bb0&Prime; global_colors_info=\u00a0\u00bb{}\u00a0\u00bb custom_padding=\u00a0\u00bb0px||||false|false\u00a0\u00bb sticky_enabled=\u00a0\u00bb0&Prime;][et_pb_row _builder_version=\u00a0\u00bb4.16&Prime; _module_preset=\u00a0\u00bbdefault\u00a0\u00bb global_colors_info=\u00a0\u00bb{}\u00a0\u00bb][et_pb_column type=\u00a0\u00bb4_4&Prime; _builder_version=\u00a0\u00bb4.16&Prime; _module_preset=\u00a0\u00bbdefault\u00a0\u00bb global_colors_info=\u00a0\u00bb{}\u00a0\u00bb][et_pb_blog posts_number=\u00a0\u00bb6&Prime; meta_date=\u00a0\u00bby\/m\/d\u00a0\u00bb use_manual_excerpt=\u00a0\u00bboff\u00a0\u00bb excerpt_length=\u00a0\u00bb120&Prime; show_author=\u00a0\u00bboff\u00a0\u00bb show_categories=\u00a0\u00bboff\u00a0\u00bb show_excerpt=\u00a0\u00bboff\u00a0\u00bb admin_label=\u00a0\u00bbBlog Style 5&Prime; module_class=\u00a0\u00bbgt-blog-5 gt-blog-meta gt-blog-image-effect gt-blog-pagination gt-all-post-clickable gt-blog-2-col\u00a0\u00bb _builder_version=\u00a0\u00bb4.27.4&Prime; _module_preset=\u00a0\u00bbdefault\u00a0\u00bb header_font_size=\u00a0\u00bb1.6em\u00a0\u00bb meta_text_color=\u00a0\u00bb#FFFFFF\u00a0\u00bb background_enable_color=\u00a0\u00bboff\u00a0\u00bb border_width_all=\u00a0\u00bb0px\u00a0\u00bb global_colors_info=\u00a0\u00bb{}\u00a0\u00bb][\/et_pb_blog][\/et_pb_column][\/et_pb_row][\/et_pb_section]<\/p>\n","protected":false},"excerpt":{"rendered":"<p>Actualit\u00e9s<\/p>\n","protected":false},"author":2,"featured_media":0,"parent":0,"menu_order":0,"comment_status":"closed","ping_status":"closed","template":"","meta":{"_acf_changed":false,"_et_pb_use_builder":"on","_et_pb_old_content":"","_et_gb_content_width":"","footnotes":""},"class_list":["post-244326","page","type-page","status-publish","hentry"],"acf":[],"yoast_head":"<!-- This site is optimized with the Yoast SEO plugin v26.3 - https:\/\/yoast.com\/wordpress\/plugins\/seo\/ -->\n<title>Actualit\u00e9s | EHKOLEKTIBOA<\/title>\n<meta name=\"description\" content=\"L&#039;agenda complet d&#039;EHKOLEKTIBOA, les appels, les \u00e9v\u00e9nements importants, les march\u00e9s, le secteur, les photos, les vid\u00e9os.\" \/>\n<meta name=\"robots\" content=\"index, follow, max-snippet:-1, max-image-preview:large, max-video-preview:-1\" \/>\n<link rel=\"canonical\" href=\"https:\/\/ehkolektiboa.eus\/fr\/actualites\/\" \/>\n<meta property=\"og:locale\" content=\"fr_FR\" \/>\n<meta property=\"og:type\" content=\"article\" \/>\n<meta property=\"og:title\" content=\"Actualit\u00e9s | EHKOLEKTIBOA\" \/>\n<meta property=\"og:description\" content=\"L&#039;agenda complet d&#039;EHKOLEKTIBOA, les appels, les \u00e9v\u00e9nements importants, les march\u00e9s, le secteur, les photos, les vid\u00e9os.\" \/>\n<meta property=\"og:url\" content=\"https:\/\/ehkolektiboa.eus\/fr\/actualites\/\" \/>\n<meta property=\"og:site_name\" content=\"EHKOLEKTIBOA\" \/>\n<meta property=\"article:modified_time\" content=\"2025-11-18T09:27:25+00:00\" \/>\n<meta name=\"twitter:card\" content=\"summary_large_image\" \/>\n<meta name=\"twitter:label1\" content=\"Dur\u00e9e de lecture estim\u00e9e\" \/>\n\t<meta name=\"twitter:data1\" content=\"1 minute\" \/>\n<script type=\"application\/ld+json\" class=\"yoast-schema-graph\">{\"@context\":\"https:\/\/schema.org\",\"@graph\":[{\"@type\":\"WebPage\",\"@id\":\"https:\/\/ehkolektiboa.eus\/fr\/actualites\/\",\"url\":\"https:\/\/ehkolektiboa.eus\/fr\/actualites\/\",\"name\":\"Actualit\u00e9s | EHKOLEKTIBOA\",\"isPartOf\":{\"@id\":\"https:\/\/ehkolektiboa.eus\/#website\"},\"datePublished\":\"2022-02-19T15:35:25+00:00\",\"dateModified\":\"2025-11-18T09:27:25+00:00\",\"description\":\"L'agenda complet d'EHKOLEKTIBOA, les appels, les \u00e9v\u00e9nements importants, les march\u00e9s, le secteur, les photos, les vid\u00e9os.\",\"breadcrumb\":{\"@id\":\"https:\/\/ehkolektiboa.eus\/fr\/actualites\/#breadcrumb\"},\"inLanguage\":\"fr-FR\",\"potentialAction\":[{\"@type\":\"ReadAction\",\"target\":[\"https:\/\/ehkolektiboa.eus\/fr\/actualites\/\"]}]},{\"@type\":\"BreadcrumbList\",\"@id\":\"https:\/\/ehkolektiboa.eus\/fr\/actualites\/#breadcrumb\",\"itemListElement\":[{\"@type\":\"ListItem\",\"position\":1,\"name\":\"Home\",\"item\":\"https:\/\/ehkolektiboa.eus\/fr\/\"},{\"@type\":\"ListItem\",\"position\":2,\"name\":\"Actualit\u00e9s\"}]},{\"@type\":\"WebSite\",\"@id\":\"https:\/\/ehkolektiboa.eus\/#website\",\"url\":\"https:\/\/ehkolektiboa.eus\/\",\"name\":\"EHKOLEKTIBOA\",\"description\":\"Agroekologiaren bidean\",\"publisher\":{\"@id\":\"https:\/\/ehkolektiboa.eus\/#organization\"},\"potentialAction\":[{\"@type\":\"SearchAction\",\"target\":{\"@type\":\"EntryPoint\",\"urlTemplate\":\"https:\/\/ehkolektiboa.eus\/?s={search_term_string}\"},\"query-input\":{\"@type\":\"PropertyValueSpecification\",\"valueRequired\":true,\"valueName\":\"search_term_string\"}}],\"inLanguage\":\"fr-FR\"},{\"@type\":\"Organization\",\"@id\":\"https:\/\/ehkolektiboa.eus\/#organization\",\"name\":\"EHKOLEKTIBOA\",\"url\":\"https:\/\/ehkolektiboa.eus\/\",\"logo\":{\"@type\":\"ImageObject\",\"inLanguage\":\"fr-FR\",\"@id\":\"https:\/\/ehkolektiboa.eus\/#\/schema\/logo\/image\/\",\"url\":\"https:\/\/ehkolektiboa.eus\/wp-content\/uploads\/2025\/10\/EHKOLEKTIBOA_marka.png\",\"contentUrl\":\"https:\/\/ehkolektiboa.eus\/wp-content\/uploads\/2025\/10\/EHKOLEKTIBOA_marka.png\",\"width\":1433,\"height\":319,\"caption\":\"EHKOLEKTIBOA\"},\"image\":{\"@id\":\"https:\/\/ehkolektiboa.eus\/#\/schema\/logo\/image\/\"}}]}<\/script>\n<!-- \/ Yoast SEO plugin. -->","yoast_head_json":{"title":"Actualit\u00e9s | EHKOLEKTIBOA","description":"L'agenda complet d'EHKOLEKTIBOA, les appels, les \u00e9v\u00e9nements importants, les march\u00e9s, le secteur, les photos, les vid\u00e9os.","robots":{"index":"index","follow":"follow","max-snippet":"max-snippet:-1","max-image-preview":"max-image-preview:large","max-video-preview":"max-video-preview:-1"},"canonical":"https:\/\/ehkolektiboa.eus\/fr\/actualites\/","og_locale":"fr_FR","og_type":"article","og_title":"Actualit\u00e9s | EHKOLEKTIBOA","og_description":"L'agenda complet d'EHKOLEKTIBOA, les appels, les \u00e9v\u00e9nements importants, les march\u00e9s, le secteur, les photos, les vid\u00e9os.","og_url":"https:\/\/ehkolektiboa.eus\/fr\/actualites\/","og_site_name":"EHKOLEKTIBOA","article_modified_time":"2025-11-18T09:27:25+00:00","twitter_card":"summary_large_image","twitter_misc":{"Dur\u00e9e de lecture estim\u00e9e":"1 minute"},"schema":{"@context":"https:\/\/schema.org","@graph":[{"@type":"WebPage","@id":"https:\/\/ehkolektiboa.eus\/fr\/actualites\/","url":"https:\/\/ehkolektiboa.eus\/fr\/actualites\/","name":"Actualit\u00e9s | EHKOLEKTIBOA","isPartOf":{"@id":"https:\/\/ehkolektiboa.eus\/#website"},"datePublished":"2022-02-19T15:35:25+00:00","dateModified":"2025-11-18T09:27:25+00:00","description":"L'agenda complet d'EHKOLEKTIBOA, les appels, les \u00e9v\u00e9nements importants, les march\u00e9s, le secteur, les photos, les vid\u00e9os.","breadcrumb":{"@id":"https:\/\/ehkolektiboa.eus\/fr\/actualites\/#breadcrumb"},"inLanguage":"fr-FR","potentialAction":[{"@type":"ReadAction","target":["https:\/\/ehkolektiboa.eus\/fr\/actualites\/"]}]},{"@type":"BreadcrumbList","@id":"https:\/\/ehkolektiboa.eus\/fr\/actualites\/#breadcrumb","itemListElement":[{"@type":"ListItem","position":1,"name":"Home","item":"https:\/\/ehkolektiboa.eus\/fr\/"},{"@type":"ListItem","position":2,"name":"Actualit\u00e9s"}]},{"@type":"WebSite","@id":"https:\/\/ehkolektiboa.eus\/#website","url":"https:\/\/ehkolektiboa.eus\/","name":"EHKOLEKTIBOA","description":"Agroekologiaren bidean","publisher":{"@id":"https:\/\/ehkolektiboa.eus\/#organization"},"potentialAction":[{"@type":"SearchAction","target":{"@type":"EntryPoint","urlTemplate":"https:\/\/ehkolektiboa.eus\/?s={search_term_string}"},"query-input":{"@type":"PropertyValueSpecification","valueRequired":true,"valueName":"search_term_string"}}],"inLanguage":"fr-FR"},{"@type":"Organization","@id":"https:\/\/ehkolektiboa.eus\/#organization","name":"EHKOLEKTIBOA","url":"https:\/\/ehkolektiboa.eus\/","logo":{"@type":"ImageObject","inLanguage":"fr-FR","@id":"https:\/\/ehkolektiboa.eus\/#\/schema\/logo\/image\/","url":"https:\/\/ehkolektiboa.eus\/wp-content\/uploads\/2025\/10\/EHKOLEKTIBOA_marka.png","contentUrl":"https:\/\/ehkolektiboa.eus\/wp-content\/uploads\/2025\/10\/EHKOLEKTIBOA_marka.png","width":1433,"height":319,"caption":"EHKOLEKTIBOA"},"image":{"@id":"https:\/\/ehkolektiboa.eus\/#\/schema\/logo\/image\/"}}]}},"_links":{"self":[{"href":"https:\/\/ehkolektiboa.eus\/fr\/wp-json\/wp\/v2\/pages\/244326","targetHints":{"allow":["GET"]}}],"collection":[{"href":"https:\/\/ehkolektiboa.eus\/fr\/wp-json\/wp\/v2\/pages"}],"about":[{"href":"https:\/\/ehkolektiboa.eus\/fr\/wp-json\/wp\/v2\/types\/page"}],"author":[{"embeddable":true,"href":"https:\/\/ehkolektiboa.eus\/fr\/wp-json\/wp\/v2\/users\/2"}],"replies":[{"embeddable":true,"href":"https:\/\/ehkolektiboa.eus\/fr\/wp-json\/wp\/v2\/comments?post=244326"}],"version-history":[{"count":8,"href":"https:\/\/ehkolektiboa.eus\/fr\/wp-json\/wp\/v2\/pages\/244326\/revisions"}],"predecessor-version":[{"id":244402,"href":"https:\/\/ehkolektiboa.eus\/fr\/wp-json\/wp\/v2\/pages\/244326\/revisions\/244402"}],"wp:attachment":[{"href":"https:\/\/ehkolektiboa.eus\/fr\/wp-json\/wp\/v2\/media?parent=244326"}],"curies":[{"name":"wp","href":"https:\/\/api.w.org\/{rel}","templated":true}]}}