{"id":244397,"date":"2025-10-11T11:48:18","date_gmt":"2025-10-11T09:48:18","guid":{"rendered":"https:\/\/ehkolektiboa.eus\/spg\/"},"modified":"2025-11-18T10:25:23","modified_gmt":"2025-11-18T09:25:23","slug":"spg","status":"publish","type":"page","link":"https:\/\/ehkolektiboa.eus\/fr\/spg\/","title":{"rendered":"SPG"},"content":{"rendered":"<p>[et_pb_section fb_built=\u00a0\u00bb1&Prime; admin_label=\u00a0\u00bbHero Section 7&Prime; _builder_version=\u00a0\u00bb4.16&Prime; _module_preset=\u00a0\u00bbdefault\u00a0\u00bb custom_padding=\u00a0\u00bb100px||||false|false\u00a0\u00bb global_colors_info=\u00a0\u00bb{}\u00a0\u00bb][et_pb_row _builder_version=\u00a0\u00bb4.16&Prime; _module_preset=\u00a0\u00bbdefault\u00a0\u00bb global_colors_info=\u00a0\u00bb{}\u00a0\u00bb][et_pb_column type=\u00a0\u00bb4_4&Prime; _builder_version=\u00a0\u00bb4.16&Prime; _module_preset=\u00a0\u00bbdefault\u00a0\u00bb global_colors_info=\u00a0\u00bb{}\u00a0\u00bb][et_pb_text _builder_version=\u00a0\u00bb4.27.4&Prime; _module_preset=\u00a0\u00bbdefault\u00a0\u00bb text_font=\u00a0\u00bb|700|||||||\u00a0\u00bb text_text_color=\u00a0\u00bb#000000&Prime; custom_margin=\u00a0\u00bb||16px||false|false\u00a0\u00bb global_colors_info=\u00a0\u00bb{}\u00a0\u00bb]<\/p>\n<p><span style=\"color: #000000;\">SPG<\/span><\/p>\n<p>[\/et_pb_text][et_pb_text module_class=\u00a0\u00bbgt-heading\u00a0\u00bb _builder_version=\u00a0\u00bb4.27.4&Prime; _module_preset=\u00a0\u00bbdefault\u00a0\u00bb header_font=\u00a0\u00bb&#8211;et_global_heading_font||||||||\u00a0\u00bb header_line_height=\u00a0\u00bb1.1em\u00a0\u00bb global_colors_info=\u00a0\u00bb{}\u00a0\u00bb]<\/p>\n<h1>Syst\u00e8me Participatif de Garantie,\u2028<br \/>\nun outil pour nous identifier<br \/>\n<\/h1>\n<p>[\/et_pb_text][et_pb_text _builder_version=\u00a0\u00bb4.27.4&Prime; _module_preset=\u00a0\u00bbdefault\u00a0\u00bb text_font=\u00a0\u00bb|700|||||||\u00a0\u00bb header_4_font=\u00a0\u00bb&#8211;et_global_heading_font||||||||\u00a0\u00bb custom_margin=\u00a0\u00bb||16px||false|false\u00a0\u00bb global_colors_info=\u00a0\u00bb{}\u00a0\u00bb]<\/p>\n<h3>Le Syst\u00e8me Participatif de Garantie (SPG) est un outil participatif fond\u00e9 sur la confiance mutuelle entre les agriculteurs et agricultrices, les citoyens et citoyennes, ainsi que d\u2019autres acteurs sociaux, afin de garantir et de communiquer la qualit\u00e9 agro\u00e9cologique des aliments et des processus de production. C\u2019est une alternative populaire aux syst\u00e8mes de contr\u00f4le ou de certification classiques. <\/h3>\n<p>[\/et_pb_text][\/et_pb_column][\/et_pb_row][\/et_pb_section][et_pb_section fb_built=\u00a0\u00bb1&Prime; admin_label=\u00a0\u00bbContent Section 3&Prime; _builder_version=\u00a0\u00bb4.27.4&Prime; _module_preset=\u00a0\u00bbdefault\u00a0\u00bb background_image=\u00a0\u00bbhttps:\/\/ehkolektiboa.eus\/wp-content\/uploads\/2025\/10\/ehko_2022.jpg\u00a0\u00bb parallax=\u00a0\u00bbon\u00a0\u00bb parallax_method=\u00a0\u00bboff\u00a0\u00bb min_height=\u00a0\u00bb80vh\u00a0\u00bb global_colors_info=\u00a0\u00bb{}\u00a0\u00bb][et_pb_row _builder_version=\u00a0\u00bb4.16&Prime; _module_preset=\u00a0\u00bbdefault\u00a0\u00bb global_colors_info=\u00a0\u00bb{}\u00a0\u00bb][et_pb_column type=\u00a0\u00bb4_4&Prime; _builder_version=\u00a0\u00bb4.16&Prime; _module_preset=\u00a0\u00bbdefault\u00a0\u00bb global_colors_info=\u00a0\u00bb{}\u00a0\u00bb][\/et_pb_column][\/et_pb_row][\/et_pb_section][et_pb_section fb_built=\u00a0\u00bb1&Prime; admin_label=\u00a0\u00bbHero Section 7&Prime; _builder_version=\u00a0\u00bb4.27.4&Prime; _module_preset=\u00a0\u00bbdefault\u00a0\u00bb custom_padding=\u00a0\u00bb||0px||false|false\u00a0\u00bb global_colors_info=\u00a0\u00bb{}\u00a0\u00bb][et_pb_row _builder_version=\u00a0\u00bb4.27.4&Prime; _module_preset=\u00a0\u00bbdefault\u00a0\u00bb custom_padding=\u00a0\u00bb||0px||false|false\u00a0\u00bb global_colors_info=\u00a0\u00bb{}\u00a0\u00bb][et_pb_column type=\u00a0\u00bb4_4&Prime; _builder_version=\u00a0\u00bb4.16&Prime; _module_preset=\u00a0\u00bbdefault\u00a0\u00bb global_colors_info=\u00a0\u00bb{}\u00a0\u00bb][et_pb_text _builder_version=\u00a0\u00bb4.27.4&Prime; _module_preset=\u00a0\u00bbdefault\u00a0\u00bb text_font=\u00a0\u00bb|700|||||||\u00a0\u00bb text_text_color=\u00a0\u00bb#000000&Prime; custom_margin=\u00a0\u00bb||16px||false|false\u00a0\u00bb global_colors_info=\u00a0\u00bb{}\u00a0\u00bb]<\/p>\n<p><span style=\"color: #000000;\">SPG<\/span><\/p>\n<p>[\/et_pb_text][et_pb_text _builder_version=\u00a0\u00bb4.27.4&Prime; _module_preset=\u00a0\u00bbdefault\u00a0\u00bb text_font=\u00a0\u00bb|700|||||||\u00a0\u00bb header_4_font=\u00a0\u00bb&#8211;et_global_heading_font||||||||\u00a0\u00bb custom_margin=\u00a0\u00bb||0px||false|false\u00a0\u00bb global_colors_info=\u00a0\u00bb{}\u00a0\u00bb]<\/p>\n<h3>Le SPG repose sur la participation active aussi bien des agriculteurs et agricultrices que de la soci\u00e9t\u00e9 civile. Il permet de d\u00e9finir, de comprendre et de mettre en pratique des crit\u00e8res sociaux, \u00e9conomiques, politico-culturels et technico-\u00e9cologiques en accord avec les principes de l\u2019agro\u00e9cologie et de la souverainet\u00e9 alimentaire. <\/h3>\n<p>[\/et_pb_text][\/et_pb_column][\/et_pb_row][et_pb_row column_structure=\u00a0\u00bb1_2,1_2&Prime; _builder_version=\u00a0\u00bb4.27.4&Prime; _module_preset=\u00a0\u00bbdefault\u00a0\u00bb custom_padding=\u00a0\u00bb||||false|false\u00a0\u00bb global_colors_info=\u00a0\u00bb{}\u00a0\u00bb][et_pb_column type=\u00a0\u00bb1_2&Prime; _builder_version=\u00a0\u00bb4.16&Prime; _module_preset=\u00a0\u00bbdefault\u00a0\u00bb custom_padding_tablet=\u00a0\u00bb||45px||false|false\u00a0\u00bb custom_padding_phone=\u00a0\u00bb||45px||false|false\u00a0\u00bb custom_padding_last_edited=\u00a0\u00bbon|tablet\u00a0\u00bb global_colors_info=\u00a0\u00bb{}\u00a0\u00bb][et_pb_blurb image=\u00a0\u00bbhttps:\/\/ehkolektiboa.eus\/wp-content\/uploads\/2025\/10\/cropped-ikonoa-300&#215;300.png\u00a0\u00bb image_icon_width=\u00a0\u00bb64px\u00a0\u00bb icon_alignment=\u00a0\u00bbleft\u00a0\u00bb image_icon_width_tablet=\u00a0\u00bb64px\u00a0\u00bb image_icon_width_phone=\u00a0\u00bb64px\u00a0\u00bb image_icon_width_last_edited=\u00a0\u00bbon|tablet\u00a0\u00bb admin_label=\u00a0\u00bbBlurb Style 4&Prime; module_class=\u00a0\u00bbgt-blurb-4&Prime; _builder_version=\u00a0\u00bb4.27.4&Prime; _dynamic_attributes=\u00a0\u00bblink_option_url\u00a0\u00bb _module_preset=\u00a0\u00bbdefault\u00a0\u00bb header_level=\u00a0\u00bbh3&Prime; header_font=\u00a0\u00bb&#8211;et_global_heading_font||||||||\u00a0\u00bb header_font_size=\u00a0\u00bb22px\u00a0\u00bb body_font=\u00a0\u00bb&#8211;et_global_body_font||||||||\u00a0\u00bb body_line_height=\u00a0\u00bb1.5em\u00a0\u00bb custom_margin_tablet=\u00a0\u00bb\u00a0\u00bb custom_margin_phone=\u00a0\u00bb\u00a0\u00bb custom_margin_last_edited=\u00a0\u00bbon|tablet\u00a0\u00bb custom_padding=\u00a0\u00bb||||false|false\u00a0\u00bb link_option_url=\u00a0\u00bb@ET-DC@eyJkeW5hbWljIjp0cnVlLCJjb250ZW50IjoicG9zdF9saW5rX3VybF9wYWdlIiwic2V0dGluZ3MiOnsicG9zdF9pZCI6IjI5IiwiZW5hYmxlX2h0bWwiOiJvZmYifX0=@\u00a0\u00bb border_width_all=\u00a0\u00bb2px\u00a0\u00bb border_color_all=\u00a0\u00bbRGBA(255,255,255,0)\u00a0\u00bb global_colors_info=\u00a0\u00bb{}\u00a0\u00bb border_color_all__hover_enabled=\u00a0\u00bbon|hover\u00a0\u00bb border_color_all__hover=\u00a0\u00bb#000000&Prime;]<\/p>\n<p>Le SPG renforce les liens entre les communaut\u00e9s impliqu\u00e9es \u00e0 travers la participation et le consensus autour des engagements, crit\u00e8res et proc\u00e9dures mis en \u0153uvre.<\/p>\n<p>[\/et_pb_blurb][\/et_pb_column][et_pb_column type=\u00a0\u00bb1_2&Prime; _builder_version=\u00a0\u00bb4.27.4&Prime; _module_preset=\u00a0\u00bbdefault\u00a0\u00bb global_colors_info=\u00a0\u00bb{}\u00a0\u00bb][et_pb_blurb image=\u00a0\u00bbhttps:\/\/ehkolektiboa.eus\/wp-content\/uploads\/2025\/10\/cropped-ikonoa-300&#215;300.png\u00a0\u00bb image_icon_width=\u00a0\u00bb64px\u00a0\u00bb icon_alignment=\u00a0\u00bbleft\u00a0\u00bb image_icon_width_tablet=\u00a0\u00bb64px\u00a0\u00bb image_icon_width_phone=\u00a0\u00bb64px\u00a0\u00bb image_icon_width_last_edited=\u00a0\u00bbon|tablet\u00a0\u00bb admin_label=\u00a0\u00bbBlurb Style 4&Prime; module_class=\u00a0\u00bbgt-blurb-4&Prime; _builder_version=\u00a0\u00bb4.27.4&Prime; _dynamic_attributes=\u00a0\u00bblink_option_url\u00a0\u00bb _module_preset=\u00a0\u00bbdefault\u00a0\u00bb header_level=\u00a0\u00bbh3&Prime; header_font=\u00a0\u00bb&#8211;et_global_heading_font||||||||\u00a0\u00bb header_font_size=\u00a0\u00bb22px\u00a0\u00bb body_font=\u00a0\u00bb&#8211;et_global_body_font||||||||\u00a0\u00bb body_line_height=\u00a0\u00bb1.5em\u00a0\u00bb custom_margin_tablet=\u00a0\u00bb\u00a0\u00bb custom_margin_phone=\u00a0\u00bb\u00a0\u00bb custom_margin_last_edited=\u00a0\u00bbon|tablet\u00a0\u00bb custom_padding=\u00a0\u00bb||||false|false\u00a0\u00bb link_option_url=\u00a0\u00bb@ET-DC@eyJkeW5hbWljIjp0cnVlLCJjb250ZW50IjoicG9zdF9saW5rX3VybF9wYWdlIiwic2V0dGluZ3MiOnsicG9zdF9pZCI6IjI5IiwiZW5hYmxlX2h0bWwiOiJvZmYifX0=@\u00a0\u00bb border_width_all=\u00a0\u00bb2px\u00a0\u00bb border_color_all=\u00a0\u00bbRGBA(255,255,255,0)\u00a0\u00bb global_colors_info=\u00a0\u00bb{}\u00a0\u00bb border_color_all__hover_enabled=\u00a0\u00bbon|hover\u00a0\u00bb border_color_all__hover=\u00a0\u00bb#000000&Prime;]<\/p>\n<p>Il renforce l\u2019autonomie des petits agriculteurs et agricultrices, cr\u00e9e des circuits locaux de commercialisation, promeut la souverainet\u00e9 alimentaire et favorise la transmission et l\u2019adaptation des savoirs \u00e0 la r\u00e9alit\u00e9 de chaque communaut\u00e9.<\/p>\n<p>[\/et_pb_blurb][\/et_pb_column][\/et_pb_row][\/et_pb_section][et_pb_section fb_built=\u00a0\u00bb1&Prime; admin_label=\u00a0\u00bbTeam Section 1&Prime; _builder_version=\u00a0\u00bb4.27.4&Prime; _module_preset=\u00a0\u00bbdefault\u00a0\u00bb width=\u00a0\u00bb99.8%\u00a0\u00bb custom_margin=\u00a0\u00bb||||false|false\u00a0\u00bb custom_padding=\u00a0\u00bb||||false|false\u00a0\u00bb global_colors_info=\u00a0\u00bb{}\u00a0\u00bb][et_pb_row _builder_version=\u00a0\u00bb4.27.4&Prime; _module_preset=\u00a0\u00bbdefault\u00a0\u00bb custom_padding=\u00a0\u00bb||0px||false|false\u00a0\u00bb global_colors_info=\u00a0\u00bb{}\u00a0\u00bb][et_pb_column type=\u00a0\u00bb4_4&Prime; _builder_version=\u00a0\u00bb4.16&Prime; _module_preset=\u00a0\u00bbdefault\u00a0\u00bb global_colors_info=\u00a0\u00bb{}\u00a0\u00bb][et_pb_text _builder_version=\u00a0\u00bb4.27.4&Prime; _module_preset=\u00a0\u00bbdefault\u00a0\u00bb text_font=\u00a0\u00bb|700|||||||\u00a0\u00bb header_4_font=\u00a0\u00bb&#8211;et_global_heading_font||||||||\u00a0\u00bb custom_margin=\u00a0\u00bb||0px||false|false\u00a0\u00bb global_colors_info=\u00a0\u00bb{}\u00a0\u00bb]<\/p>\n<h3>Le Syst\u00e8me Participatif de Garantie est la base du travail d\u2019EHKOlektiboa.<\/h3>\n<p>[\/et_pb_text][\/et_pb_column][\/et_pb_row][et_pb_row column_structure=\u00a0\u00bb1_2,1_2&Prime; _builder_version=\u00a0\u00bb4.27.4&Prime; _module_preset=\u00a0\u00bbdefault\u00a0\u00bb custom_padding=\u00a0\u00bb||||false|false\u00a0\u00bb global_colors_info=\u00a0\u00bb{}\u00a0\u00bb][et_pb_column type=\u00a0\u00bb1_2&Prime; _builder_version=\u00a0\u00bb4.16&Prime; _module_preset=\u00a0\u00bbdefault\u00a0\u00bb custom_padding_tablet=\u00a0\u00bb||45px||false|false\u00a0\u00bb custom_padding_phone=\u00a0\u00bb||45px||false|false\u00a0\u00bb custom_padding_last_edited=\u00a0\u00bbon|tablet\u00a0\u00bb global_colors_info=\u00a0\u00bb{}\u00a0\u00bb][et_pb_team_member name=\u00a0\u00bbFermes et exploitations \u00e0 taille humaine\u00a0\u00bb icon_color=\u00a0\u00bb#000000&Prime; admin_label=\u00a0\u00bbTeam Style 5&Prime; module_class=\u00a0\u00bbgt-team-5&Prime; _builder_version=\u00a0\u00bb4.27.4&Prime; _module_preset=\u00a0\u00bbdefault\u00a0\u00bb header_level=\u00a0\u00bbh3&Prime; position_font=\u00a0\u00bb||||||||\u00a0\u00bb position_text_color=\u00a0\u00bb#000000&Prime; position_font_size=\u00a0\u00bb16px\u00a0\u00bb custom_margin=\u00a0\u00bb||16px||false|false\u00a0\u00bb custom_padding=\u00a0\u00bb||16px||false|false\u00a0\u00bb border_width_bottom=\u00a0\u00bb1px\u00a0\u00bb global_colors_info=\u00a0\u00bb{}\u00a0\u00bb][\/et_pb_team_member][et_pb_text _builder_version=\u00a0\u00bb4.27.4&Prime; _module_preset=\u00a0\u00bbdefault\u00a0\u00bb text_font=\u00a0\u00bb||||||||\u00a0\u00bb header_4_font=\u00a0\u00bb&#8211;et_global_heading_font||||||||\u00a0\u00bb custom_margin=\u00a0\u00bb||0px||false|false\u00a0\u00bb global_colors_info=\u00a0\u00bb{}\u00a0\u00bb]<\/p>\n<p>Elles sont ancr\u00e9es dans la communaut\u00e9, centr\u00e9es sur le soin et la vitalit\u00e9 du territoire et des personnes.<\/p>\n<p>[\/et_pb_text][et_pb_team_member name=\u00a0\u00bb\u00c9cologiques\u00a0\u00bb icon_color=\u00a0\u00bb#000000&Prime; admin_label=\u00a0\u00bbTeam Style 5&Prime; module_class=\u00a0\u00bbgt-team-5&Prime; _builder_version=\u00a0\u00bb4.27.4&Prime; _module_preset=\u00a0\u00bbdefault\u00a0\u00bb header_level=\u00a0\u00bbh3&Prime; position_font=\u00a0\u00bb||||||||\u00a0\u00bb position_text_color=\u00a0\u00bb#000000&Prime; position_font_size=\u00a0\u00bb16px\u00a0\u00bb custom_margin=\u00a0\u00bb||16px||false|false\u00a0\u00bb custom_padding=\u00a0\u00bb16px||16px||false|false\u00a0\u00bb border_width_bottom=\u00a0\u00bb1px\u00a0\u00bb global_colors_info=\u00a0\u00bb{}\u00a0\u00bb][\/et_pb_team_member][et_pb_text _builder_version=\u00a0\u00bb4.27.4&Prime; _module_preset=\u00a0\u00bbdefault\u00a0\u00bb text_font=\u00a0\u00bb||||||||\u00a0\u00bb header_4_font=\u00a0\u00bb&#8211;et_global_heading_font||||||||\u00a0\u00bb custom_margin=\u00a0\u00bb||0px||false|false\u00a0\u00bb global_colors_info=\u00a0\u00bb{}\u00a0\u00bb]<\/p>\n<p>Au-del\u00e0 de la r\u00e9glementation europ\u00e9enne, la production \u00e9cologique est comprise dans son sens le plus large.<\/p>\n<p>[\/et_pb_text][\/et_pb_column][et_pb_column type=\u00a0\u00bb1_2&Prime; _builder_version=\u00a0\u00bb4.27.4&Prime; _module_preset=\u00a0\u00bbdefault\u00a0\u00bb global_colors_info=\u00a0\u00bb{}\u00a0\u00bb][et_pb_team_member name=\u00a0\u00bbDe proximit\u00e9\u00a0\u00bb icon_color=\u00a0\u00bb#000000&Prime; admin_label=\u00a0\u00bbTeam Style 5&Prime; module_class=\u00a0\u00bbgt-team-5&Prime; _builder_version=\u00a0\u00bb4.27.4&Prime; _module_preset=\u00a0\u00bbdefault\u00a0\u00bb header_level=\u00a0\u00bbh3&Prime; position_font=\u00a0\u00bb||||||||\u00a0\u00bb position_text_color=\u00a0\u00bb#000000&Prime; position_font_size=\u00a0\u00bb16px\u00a0\u00bb custom_margin=\u00a0\u00bb||16px||false|false\u00a0\u00bb custom_padding=\u00a0\u00bb||16px||false|false\u00a0\u00bb border_width_bottom=\u00a0\u00bb1px\u00a0\u00bb global_colors_info=\u00a0\u00bb{}\u00a0\u00bb][\/et_pb_team_member][et_pb_text _builder_version=\u00a0\u00bb4.27.4&Prime; _module_preset=\u00a0\u00bbdefault\u00a0\u00bb text_font=\u00a0\u00bb||||||||\u00a0\u00bb header_4_font=\u00a0\u00bb&#8211;et_global_heading_font||||||||\u00a0\u00bb custom_margin=\u00a0\u00bb||0px||false|false\u00a0\u00bb global_colors_info=\u00a0\u00bb{}\u00a0\u00bb]<\/p>\n<p>Ce sont des fermes enracin\u00e9es et adapt\u00e9es \u00e0 leur environnement, \u00e0 la soci\u00e9t\u00e9, \u00e0 la culture et \u00e0 l\u2019\u00e9cosyst\u00e8me local.<\/p>\n<p>[\/et_pb_text][et_pb_team_member name=\u00a0\u00bb\u00c9conomie sociale et transformatrice\u00a0\u00bb icon_color=\u00a0\u00bb#000000&Prime; admin_label=\u00a0\u00bbTeam Style 5&Prime; module_class=\u00a0\u00bbgt-team-5&Prime; _builder_version=\u00a0\u00bb4.27.4&Prime; _module_preset=\u00a0\u00bbdefault\u00a0\u00bb header_level=\u00a0\u00bbh3&Prime; position_font=\u00a0\u00bb||||||||\u00a0\u00bb position_text_color=\u00a0\u00bb#000000&Prime; position_font_size=\u00a0\u00bb16px\u00a0\u00bb custom_margin=\u00a0\u00bb||16px||false|false\u00a0\u00bb custom_padding=\u00a0\u00bb16px||16px||false|false\u00a0\u00bb border_width_bottom=\u00a0\u00bb1px\u00a0\u00bb global_colors_info=\u00a0\u00bb{}\u00a0\u00bb][\/et_pb_team_member][et_pb_text _builder_version=\u00a0\u00bb4.27.4&Prime; _module_preset=\u00a0\u00bbdefault\u00a0\u00bb text_font=\u00a0\u00bb||||||||\u00a0\u00bb header_4_font=\u00a0\u00bb&#8211;et_global_heading_font||||||||\u00a0\u00bb custom_margin=\u00a0\u00bb||0px||false|false\u00a0\u00bb global_colors_info=\u00a0\u00bb{}\u00a0\u00bb]Dans le but de raccourcir au maximum les circuits des r\u00e9seaux alimentaires locaux, le choix se porte sur des fermes petites et diversifi\u00e9es.[\/et_pb_text][\/et_pb_column][\/et_pb_row][\/et_pb_section][et_pb_section fb_built=\u00a0\u00bb1&Prime; admin_label=\u00a0\u00bbVideo\u00a0\u00bb _builder_version=\u00a0\u00bb4.25.1&Prime; _module_preset=\u00a0\u00bbdefault\u00a0\u00bb custom_padding=\u00a0\u00bb0px||0px||true|false\u00a0\u00bb collapsed=\u00a0\u00bbon\u00a0\u00bb global_colors_info=\u00a0\u00bb{}\u00a0\u00bb][et_pb_row _builder_version=\u00a0\u00bb4.25.1&Prime; _module_preset=\u00a0\u00bbdefault\u00a0\u00bb width=\u00a0\u00bb100%\u00a0\u00bb max_width=\u00a0\u00bbnone\u00a0\u00bb custom_padding=\u00a0\u00bb0px||0px||true|false\u00a0\u00bb global_colors_info=\u00a0\u00bb{}\u00a0\u00bb][et_pb_column type=\u00a0\u00bb4_4&Prime; _builder_version=\u00a0\u00bb4.25.1&Prime; _module_preset=\u00a0\u00bbdefault\u00a0\u00bb global_colors_info=\u00a0\u00bb{}\u00a0\u00bb][et_pb_video src=\u00a0\u00bbhttps:\/\/www.youtube.com\/watch?v=vMfQyAEb5Fo&amp;feature=youtu.be\u00a0\u00bb image_src=\u00a0\u00bb\/\/i.ytimg.com\/vi\/vMfQyAEb5Fo\/hqdefault.jpg\u00a0\u00bb font_icon=\u00a0\u00bbI||divi||400&Prime; thumbnail_overlay_color=\u00a0\u00bbrgba(0,87,60,0.6)\u00a0\u00bb _builder_version=\u00a0\u00bb4.27.4&Prime; _module_preset=\u00a0\u00bbdefault\u00a0\u00bb global_colors_info=\u00a0\u00bb{}\u00a0\u00bb][\/et_pb_video][\/et_pb_column][\/et_pb_row][\/et_pb_section]<\/p>\n","protected":false},"excerpt":{"rendered":"<p>SPGSyst\u00e8me Participatif de Garantie,\u2028 un outil pour nous identifier Le Syst\u00e8me Participatif de Garantie (SPG) est un outil participatif fond\u00e9 sur la confiance mutuelle entre les agriculteurs et agricultrices, les citoyens et citoyennes, ainsi que d\u2019autres acteurs sociaux, afin de garantir et de communiquer la qualit\u00e9 agro\u00e9cologique des aliments et des processus de production. C\u2019est [&hellip;]<\/p>\n","protected":false},"author":2,"featured_media":0,"parent":0,"menu_order":0,"comment_status":"closed","ping_status":"closed","template":"","meta":{"_acf_changed":false,"_et_pb_use_builder":"on","_et_pb_old_content":"","_et_gb_content_width":"","footnotes":""},"class_list":["post-244397","page","type-page","status-publish","hentry"],"acf":[],"yoast_head":"<!-- This site is optimized with the Yoast SEO plugin v26.3 - https:\/\/yoast.com\/wordpress\/plugins\/seo\/ -->\n<title>SPG | EHKOLEKTIBOA<\/title>\n<meta name=\"description\" content=\"Le Syst\u00e8me Participatif de Garantie (SPG) est un outil participatif fond\u00e9 sur la confiance mutuelle entre les agriculteurs et agricultrices, les citoyens et citoyennes, ainsi que d\u2019autres acteurs sociaux,\" \/>\n<meta name=\"robots\" content=\"index, follow, max-snippet:-1, max-image-preview:large, max-video-preview:-1\" \/>\n<link rel=\"canonical\" href=\"https:\/\/ehkolektiboa.eus\/fr\/spg\/\" \/>\n<meta property=\"og:locale\" content=\"fr_FR\" \/>\n<meta property=\"og:type\" content=\"article\" \/>\n<meta property=\"og:title\" content=\"SPG | EHKOLEKTIBOA\" \/>\n<meta property=\"og:description\" content=\"Le Syst\u00e8me Participatif de Garantie (SPG) est un outil participatif fond\u00e9 sur la confiance mutuelle entre les agriculteurs et agricultrices, les citoyens et citoyennes, ainsi que d\u2019autres acteurs sociaux,\" \/>\n<meta property=\"og:url\" content=\"https:\/\/ehkolektiboa.eus\/fr\/spg\/\" \/>\n<meta property=\"og:site_name\" content=\"EHKOLEKTIBOA\" \/>\n<meta property=\"article:modified_time\" content=\"2025-11-18T09:25:23+00:00\" \/>\n<meta name=\"twitter:card\" content=\"summary_large_image\" \/>\n<meta name=\"twitter:label1\" content=\"Dur\u00e9e de lecture estim\u00e9e\" \/>\n\t<meta name=\"twitter:data1\" content=\"8 minutes\" \/>\n<script type=\"application\/ld+json\" class=\"yoast-schema-graph\">{\"@context\":\"https:\/\/schema.org\",\"@graph\":[{\"@type\":\"WebPage\",\"@id\":\"https:\/\/ehkolektiboa.eus\/fr\/spg\/\",\"url\":\"https:\/\/ehkolektiboa.eus\/fr\/spg\/\",\"name\":\"SPG | EHKOLEKTIBOA\",\"isPartOf\":{\"@id\":\"https:\/\/ehkolektiboa.eus\/#website\"},\"datePublished\":\"2025-10-11T09:48:18+00:00\",\"dateModified\":\"2025-11-18T09:25:23+00:00\",\"description\":\"Le Syst\u00e8me Participatif de Garantie (SPG) est un outil participatif fond\u00e9 sur la confiance mutuelle entre les agriculteurs et agricultrices, les citoyens et citoyennes, ainsi que d\u2019autres acteurs sociaux,\",\"breadcrumb\":{\"@id\":\"https:\/\/ehkolektiboa.eus\/fr\/spg\/#breadcrumb\"},\"inLanguage\":\"fr-FR\",\"potentialAction\":[{\"@type\":\"ReadAction\",\"target\":[\"https:\/\/ehkolektiboa.eus\/fr\/spg\/\"]}]},{\"@type\":\"BreadcrumbList\",\"@id\":\"https:\/\/ehkolektiboa.eus\/fr\/spg\/#breadcrumb\",\"itemListElement\":[{\"@type\":\"ListItem\",\"position\":1,\"name\":\"Home\",\"item\":\"https:\/\/ehkolektiboa.eus\/fr\/\"},{\"@type\":\"ListItem\",\"position\":2,\"name\":\"SPG\"}]},{\"@type\":\"WebSite\",\"@id\":\"https:\/\/ehkolektiboa.eus\/#website\",\"url\":\"https:\/\/ehkolektiboa.eus\/\",\"name\":\"EHKOLEKTIBOA\",\"description\":\"Agroekologiaren bidean\",\"publisher\":{\"@id\":\"https:\/\/ehkolektiboa.eus\/#organization\"},\"potentialAction\":[{\"@type\":\"SearchAction\",\"target\":{\"@type\":\"EntryPoint\",\"urlTemplate\":\"https:\/\/ehkolektiboa.eus\/?s={search_term_string}\"},\"query-input\":{\"@type\":\"PropertyValueSpecification\",\"valueRequired\":true,\"valueName\":\"search_term_string\"}}],\"inLanguage\":\"fr-FR\"},{\"@type\":\"Organization\",\"@id\":\"https:\/\/ehkolektiboa.eus\/#organization\",\"name\":\"EHKOLEKTIBOA\",\"url\":\"https:\/\/ehkolektiboa.eus\/\",\"logo\":{\"@type\":\"ImageObject\",\"inLanguage\":\"fr-FR\",\"@id\":\"https:\/\/ehkolektiboa.eus\/#\/schema\/logo\/image\/\",\"url\":\"https:\/\/ehkolektiboa.eus\/wp-content\/uploads\/2025\/10\/EHKOLEKTIBOA_marka.png\",\"contentUrl\":\"https:\/\/ehkolektiboa.eus\/wp-content\/uploads\/2025\/10\/EHKOLEKTIBOA_marka.png\",\"width\":1433,\"height\":319,\"caption\":\"EHKOLEKTIBOA\"},\"image\":{\"@id\":\"https:\/\/ehkolektiboa.eus\/#\/schema\/logo\/image\/\"}}]}<\/script>\n<!-- \/ Yoast SEO plugin. -->","yoast_head_json":{"title":"SPG | EHKOLEKTIBOA","description":"Le Syst\u00e8me Participatif de Garantie (SPG) est un outil participatif fond\u00e9 sur la confiance mutuelle entre les agriculteurs et agricultrices, les citoyens et citoyennes, ainsi que d\u2019autres acteurs sociaux,","robots":{"index":"index","follow":"follow","max-snippet":"max-snippet:-1","max-image-preview":"max-image-preview:large","max-video-preview":"max-video-preview:-1"},"canonical":"https:\/\/ehkolektiboa.eus\/fr\/spg\/","og_locale":"fr_FR","og_type":"article","og_title":"SPG | EHKOLEKTIBOA","og_description":"Le Syst\u00e8me Participatif de Garantie (SPG) est un outil participatif fond\u00e9 sur la confiance mutuelle entre les agriculteurs et agricultrices, les citoyens et citoyennes, ainsi que d\u2019autres acteurs sociaux,","og_url":"https:\/\/ehkolektiboa.eus\/fr\/spg\/","og_site_name":"EHKOLEKTIBOA","article_modified_time":"2025-11-18T09:25:23+00:00","twitter_card":"summary_large_image","twitter_misc":{"Dur\u00e9e de lecture estim\u00e9e":"8 minutes"},"schema":{"@context":"https:\/\/schema.org","@graph":[{"@type":"WebPage","@id":"https:\/\/ehkolektiboa.eus\/fr\/spg\/","url":"https:\/\/ehkolektiboa.eus\/fr\/spg\/","name":"SPG | EHKOLEKTIBOA","isPartOf":{"@id":"https:\/\/ehkolektiboa.eus\/#website"},"datePublished":"2025-10-11T09:48:18+00:00","dateModified":"2025-11-18T09:25:23+00:00","description":"Le Syst\u00e8me Participatif de Garantie (SPG) est un outil participatif fond\u00e9 sur la confiance mutuelle entre les agriculteurs et agricultrices, les citoyens et citoyennes, ainsi que d\u2019autres acteurs sociaux,","breadcrumb":{"@id":"https:\/\/ehkolektiboa.eus\/fr\/spg\/#breadcrumb"},"inLanguage":"fr-FR","potentialAction":[{"@type":"ReadAction","target":["https:\/\/ehkolektiboa.eus\/fr\/spg\/"]}]},{"@type":"BreadcrumbList","@id":"https:\/\/ehkolektiboa.eus\/fr\/spg\/#breadcrumb","itemListElement":[{"@type":"ListItem","position":1,"name":"Home","item":"https:\/\/ehkolektiboa.eus\/fr\/"},{"@type":"ListItem","position":2,"name":"SPG"}]},{"@type":"WebSite","@id":"https:\/\/ehkolektiboa.eus\/#website","url":"https:\/\/ehkolektiboa.eus\/","name":"EHKOLEKTIBOA","description":"Agroekologiaren bidean","publisher":{"@id":"https:\/\/ehkolektiboa.eus\/#organization"},"potentialAction":[{"@type":"SearchAction","target":{"@type":"EntryPoint","urlTemplate":"https:\/\/ehkolektiboa.eus\/?s={search_term_string}"},"query-input":{"@type":"PropertyValueSpecification","valueRequired":true,"valueName":"search_term_string"}}],"inLanguage":"fr-FR"},{"@type":"Organization","@id":"https:\/\/ehkolektiboa.eus\/#organization","name":"EHKOLEKTIBOA","url":"https:\/\/ehkolektiboa.eus\/","logo":{"@type":"ImageObject","inLanguage":"fr-FR","@id":"https:\/\/ehkolektiboa.eus\/#\/schema\/logo\/image\/","url":"https:\/\/ehkolektiboa.eus\/wp-content\/uploads\/2025\/10\/EHKOLEKTIBOA_marka.png","contentUrl":"https:\/\/ehkolektiboa.eus\/wp-content\/uploads\/2025\/10\/EHKOLEKTIBOA_marka.png","width":1433,"height":319,"caption":"EHKOLEKTIBOA"},"image":{"@id":"https:\/\/ehkolektiboa.eus\/#\/schema\/logo\/image\/"}}]}},"_links":{"self":[{"href":"https:\/\/ehkolektiboa.eus\/fr\/wp-json\/wp\/v2\/pages\/244397","targetHints":{"allow":["GET"]}}],"collection":[{"href":"https:\/\/ehkolektiboa.eus\/fr\/wp-json\/wp\/v2\/pages"}],"about":[{"href":"https:\/\/ehkolektiboa.eus\/fr\/wp-json\/wp\/v2\/types\/page"}],"author":[{"embeddable":true,"href":"https:\/\/ehkolektiboa.eus\/fr\/wp-json\/wp\/v2\/users\/2"}],"replies":[{"embeddable":true,"href":"https:\/\/ehkolektiboa.eus\/fr\/wp-json\/wp\/v2\/comments?post=244397"}],"version-history":[{"count":2,"href":"https:\/\/ehkolektiboa.eus\/fr\/wp-json\/wp\/v2\/pages\/244397\/revisions"}],"predecessor-version":[{"id":244399,"href":"https:\/\/ehkolektiboa.eus\/fr\/wp-json\/wp\/v2\/pages\/244397\/revisions\/244399"}],"wp:attachment":[{"href":"https:\/\/ehkolektiboa.eus\/fr\/wp-json\/wp\/v2\/media?parent=244397"}],"curies":[{"name":"wp","href":"https:\/\/api.w.org\/{rel}","templated":true}]}}